{"id":1522,"date":"2022-08-19T14:42:48","date_gmt":"2022-08-19T14:42:48","guid":{"rendered":"http:\/\/simpletax.hu\/?post_type=product&#038;p=1522"},"modified":"2022-08-25T10:03:57","modified_gmt":"2022-08-25T10:03:57","slug":"foallasu-havi-elofizetes","status":"publish","type":"product","link":"https:\/\/simpletax.hu\/en\/product\/foallasu-havi-elofizetes\/","title":{"rendered":"F\u0151\u00e1ll\u00e1s\u00fa havi el\u0151fizet\u00e9s"},"content":{"rendered":"","protected":false},"excerpt":{"rendered":"","protected":false},"featured_media":0,"template":"","meta":{"_gspb_post_css":""},"product_brand":[],"product_cat":[16],"product_tag":[],"class_list":{"0":"post-1522","1":"product","2":"type-product","3":"status-publish","5":"product_cat-uncategorized","7":"first","8":"instock","9":"taxable","10":"shipping-taxable","11":"purchasable","12":"product-type-simple"},"_links":{"self":[{"href":"https:\/\/simpletax.hu\/en\/wp-json\/wp\/v2\/product\/1522","targetHints":{"allow":["GET"]}}],"collection":[{"href":"https:\/\/simpletax.hu\/en\/wp-json\/wp\/v2\/product"}],"about":[{"href":"https:\/\/simpletax.hu\/en\/wp-json\/wp\/v2\/types\/product"}],"wp:attachment":[{"href":"https:\/\/simpletax.hu\/en\/wp-json\/wp\/v2\/media?parent=1522"}],"wp:term":[{"taxonomy":"product_brand","embeddable":true,"href":"https:\/\/simpletax.hu\/en\/wp-json\/wp\/v2\/product_brand?post=1522"},{"taxonomy":"product_cat","embeddable":true,"href":"https:\/\/simpletax.hu\/en\/wp-json\/wp\/v2\/product_cat?post=1522"},{"taxonomy":"product_tag","embeddable":true,"href":"https:\/\/simpletax.hu\/en\/wp-json\/wp\/v2\/product_tag?post=1522"}],"curies":[{"name":"wp","href":"https:\/\/api.w.org\/{rel}","templated":true}]}}