{"id":1521,"date":"2022-08-19T14:41:14","date_gmt":"2022-08-19T14:41:14","guid":{"rendered":"http:\/\/simpletax.hu\/?post_type=product&#038;p=1521"},"modified":"2022-08-19T14:50:43","modified_gmt":"2022-08-19T14:50:43","slug":"foallasu-eves-elofizetes","status":"publish","type":"product","link":"https:\/\/simpletax.hu\/en\/product\/foallasu-eves-elofizetes\/","title":{"rendered":"F\u0151\u00e1ll\u00e1s\u00fa \u00e9ves el\u0151fizet\u00e9s"},"content":{"rendered":"<p>You can only use SimpleTax's service for full-time self-employed persons if you are considered to be self-employed on the basis of your insurance status.<\/p>\n<p>You\u2019re a self-employed person is in full-time employment if<\/p>\n<ul>\n<li>is not simultaneously employed for at least 36 hours per week,<\/li>\n<li>you are not studying full-time,<\/li>\n<li>you are also insured as a partner, is in principle considered to be self-employed (in which case the contribution liability of the partner is based on the contributionable income actually earned), and,<\/li>\n<li>if you are not employed by another employer at the same time, but, for example, on a contract basis.<\/li>\n<\/ul>","protected":false},"excerpt":{"rendered":"<p>A SimpleTax teljes k\u00f6r\u0171 digit\u00e1lis k\u00f6nyvel\u00e9si szolg\u00e1ltat\u00e1sa \u00e1tal\u00e1nyad\u00f3z\u00e1st v\u00e1laszt\u00f3 f\u0151\u00e1ll\u00e1s\u00fa egy\u00e9ni v\u00e1llalkoz\u00f3knak.<\/p>","protected":false},"featured_media":0,"template":"","meta":{"_gspb_post_css":""},"product_brand":[],"product_cat":[16],"product_tag":[],"class_list":{"0":"post-1521","1":"product","2":"type-product","3":"status-publish","5":"product_cat-uncategorized","7":"first","8":"instock","9":"taxable","10":"shipping-taxable","11":"purchasable","12":"product-type-simple"},"_links":{"self":[{"href":"https:\/\/simpletax.hu\/en\/wp-json\/wp\/v2\/product\/1521","targetHints":{"allow":["GET"]}}],"collection":[{"href":"https:\/\/simpletax.hu\/en\/wp-json\/wp\/v2\/product"}],"about":[{"href":"https:\/\/simpletax.hu\/en\/wp-json\/wp\/v2\/types\/product"}],"wp:attachment":[{"href":"https:\/\/simpletax.hu\/en\/wp-json\/wp\/v2\/media?parent=1521"}],"wp:term":[{"taxonomy":"product_brand","embeddable":true,"href":"https:\/\/simpletax.hu\/en\/wp-json\/wp\/v2\/product_brand?post=1521"},{"taxonomy":"product_cat","embeddable":true,"href":"https:\/\/simpletax.hu\/en\/wp-json\/wp\/v2\/product_cat?post=1521"},{"taxonomy":"product_tag","embeddable":true,"href":"https:\/\/simpletax.hu\/en\/wp-json\/wp\/v2\/product_tag?post=1521"}],"curies":[{"name":"wp","href":"https:\/\/api.w.org\/{rel}","templated":true}]}}