{"id":532,"date":"2022-08-10T11:50:23","date_gmt":"2022-08-10T11:50:23","guid":{"rendered":"http:\/\/simpletax.hu\/?page_id=532"},"modified":"2023-07-20T13:33:49","modified_gmt":"2023-07-20T13:33:49","slug":"jelentkezes","status":"publish","type":"page","link":"https:\/\/simpletax.hu\/en\/jelentkezes\/","title":{"rendered":"Sign up"},"content":{"rendered":"\t\t<div data-elementor-type=\"wp-page\" data-elementor-id=\"532\" class=\"elementor elementor-532\" data-elementor-post-type=\"page\">\n\t\t\t\t\t\t<section class=\"ob-is-breaking-bad elementor-section elementor-top-section elementor-element elementor-element-8c59276 elementor-section-boxed elementor-section-height-default elementor-section-height-default\" data-id=\"8c59276\" data-element_type=\"section\" data-e-type=\"section\" data-settings=\"{&quot;jet_parallax_layout_list&quot;:[],&quot;background_background&quot;:&quot;classic&quot;,&quot;_ob_bbad_use_it&quot;:&quot;yes&quot;,&quot;_ob_bbad_sssic_use&quot;:&quot;no&quot;,&quot;_ob_glider_is_slider&quot;:&quot;no&quot;}\">\n\t\t\t\t\t\t<div class=\"elementor-container elementor-column-gap-default\">\n\t\t\t\t\t<div class=\"elementor-column elementor-col-100 elementor-top-column elementor-element elementor-element-3124660\" data-id=\"3124660\" data-element_type=\"column\" data-e-type=\"column\" data-settings=\"{&quot;_ob_bbad_is_stalker&quot;:&quot;no&quot;,&quot;_ob_teleporter_use&quot;:false,&quot;_ob_column_hoveranimator&quot;:&quot;no&quot;,&quot;_ob_column_has_pseudo&quot;:&quot;no&quot;}\">\n\t\t\t<div class=\"elementor-widget-wrap elementor-element-populated\">\n\t\t\t\t\t\t<div class=\"elementor-element elementor-element-1c98c54 ob-has-background-overlay elementor-widget elementor-widget-image\" data-id=\"1c98c54\" data-element_type=\"widget\" data-e-type=\"widget\" data-settings=\"{&quot;_ob_photomorph_use&quot;:&quot;no&quot;,&quot;_ob_perspektive_use&quot;:&quot;no&quot;,&quot;_ob_poopart_use&quot;:&quot;yes&quot;,&quot;_ob_shadough_use&quot;:&quot;no&quot;,&quot;_ob_allow_hoveranimator&quot;:&quot;no&quot;,&quot;_ob_widget_stalker_use&quot;:&quot;no&quot;}\" data-widget_type=\"image.default\">\n\t\t\t\t<div class=\"elementor-widget-container\">\n\t\t\t\t\t\t\t\t\t\t\t\t\t\t\t<img fetchpriority=\"high\" decoding=\"async\" width=\"2560\" height=\"469\" src=\"https:\/\/simpletax.hu\/wp-content\/uploads\/2022\/08\/simpletax_full_logo_transparent.png\" class=\"attachment-full size-full wp-image-249\" alt=\"\" srcset=\"https:\/\/simpletax.hu\/wp-content\/uploads\/2022\/08\/simpletax_full_logo_transparent.png 2560w, https:\/\/simpletax.hu\/wp-content\/uploads\/2022\/08\/simpletax_full_logo_transparent-300x55.png 300w, https:\/\/simpletax.hu\/wp-content\/uploads\/2022\/08\/simpletax_full_logo_transparent-1024x187.png 1024w, https:\/\/simpletax.hu\/wp-content\/uploads\/2022\/08\/simpletax_full_logo_transparent-768x141.png 768w, https:\/\/simpletax.hu\/wp-content\/uploads\/2022\/08\/simpletax_full_logo_transparent-1536x281.png 1536w, https:\/\/simpletax.hu\/wp-content\/uploads\/2022\/08\/simpletax_full_logo_transparent-2048x375.png 2048w, https:\/\/simpletax.hu\/wp-content\/uploads\/2022\/08\/simpletax_full_logo_transparent-600x110.png 600w\" sizes=\"(max-width: 2560px) 100vw, 2560px\" \/>\t\t\t\t\t\t\t\t\t\t\t\t\t\t\t<\/div>\n\t\t\t\t<\/div>\n\t\t\t\t<div class=\"elementor-element elementor-element-e1b6659 elementor-button-align-stretch ob-has-background-overlay elementor-widget elementor-widget-form\" data-id=\"e1b6659\" data-element_type=\"widget\" data-e-type=\"widget\" data-settings=\"{&quot;step_next_label&quot;:&quot;K\\u00f6vetkez\\u0151&quot;,&quot;step_previous_label&quot;:&quot;Vissza&quot;,&quot;step_icon_shape&quot;:&quot;rounded&quot;,&quot;button_width&quot;:&quot;100&quot;,&quot;step_type&quot;:&quot;number_text&quot;,&quot;_ob_perspektive_use&quot;:&quot;no&quot;,&quot;_ob_poopart_use&quot;:&quot;yes&quot;,&quot;_ob_shadough_use&quot;:&quot;no&quot;,&quot;_ob_allow_hoveranimator&quot;:&quot;no&quot;,&quot;_ob_widget_stalker_use&quot;:&quot;no&quot;}\" data-widget_type=\"form.default\">\n\t\t\t\t<div class=\"elementor-widget-container\">\n\t\t\t\t\t\t\t<form class=\"elementor-form\" method=\"post\" name=\"Jelentkez\u00e9s\" aria-label=\"Jelentkez\u00e9s\">\n\t\t\t<input type=\"hidden\" name=\"post_id\" value=\"532\"\/>\n\t\t\t<input type=\"hidden\" name=\"form_id\" value=\"e1b6659\"\/>\n\t\t\t<input type=\"hidden\" name=\"referer_title\" value=\"Jelentkez\u00e9s | SimpleTax\" \/>\n\n\t\t\t\t\t\t\t<input type=\"hidden\" name=\"queried_id\" value=\"532\"\/>\n\t\t\t\n\t\t\t<div class=\"elementor-form-fields-wrapper elementor-labels-above\">\n\t\t\t\t\t\t\t\t<div class=\"elementor-field-type-step elementor-field-group elementor-column elementor-field-group-field_285b8af elementor-col-100\">\n\t\t\t\t\t\t\t<div class=\"e-field-step elementor-hidden\" data-label=\"\" data-previousButton=\"\" data-nextButton=\"\" data-iconUrl=\"\" data-iconLibrary=\"fas fa-star\" data-icon=\"\" ><\/div>\n\n\t\t\t\t\t\t<\/div>\n\t\t\t\t\t\t\t\t<div class=\"elementor-field-type-html elementor-field-group elementor-column elementor-field-group-field_5853586 elementor-col-100\">\n\t\t\t\t\t<h6><br>K\u00e9rj\u00fck, az al\u00e1bbi mez\u0151ket az <a href=\"https:\/\/www.nyilvantarto.hu\/evny-lekerdezo\/\" target=\"_blank\" rel=\"noopener\">Egy\u00e9ni V\u00e1llalkoz\u00f3k Nyilv\u00e1ntart\u00e1s\u00e1val<\/a> megegyez\u0151 adataiddal t\u00f6ltsd ki. Minden mez\u0151 kit\u00f6lt\u00e9se k\u00f6telez\u0151.<\/h6>\t\t\t\t<\/div>\n\t\t\t\t\t\t\t\t<div class=\"elementor-field-type-text elementor-field-group elementor-column elementor-field-group-vezeteknev elementor-col-100 elementor-field-required\">\n\t\t\t\t\t\t\t\t\t\t\t\t<label for=\"form-field-vezeteknev\" class=\"elementor-field-label\">\n\t\t\t\t\t\t\t\tVezet\u00e9kn\u00e9v\t\t\t\t\t\t\t<\/label>\n\t\t\t\t\t\t\t\t\t\t\t\t\t\t<input size=\"1\" type=\"text\" name=\"form_fields[vezeteknev]\" id=\"form-field-vezeteknev\" class=\"elementor-field elementor-size-sm  elementor-field-textual\" placeholder=\"Vezet\u00e9kn\u00e9v\" required=\"required\">\n\t\t\t\t\t\t\t\t\t\t\t<\/div>\n\t\t\t\t\t\t\t\t<div class=\"elementor-field-type-text elementor-field-group elementor-column elementor-field-group-keresztnev elementor-col-100 elementor-field-required\">\n\t\t\t\t\t\t\t\t\t\t\t\t<label for=\"form-field-keresztnev\" class=\"elementor-field-label\">\n\t\t\t\t\t\t\t\tKeresztn\u00e9v\t\t\t\t\t\t\t<\/label>\n\t\t\t\t\t\t\t\t\t\t\t\t\t\t<input size=\"1\" type=\"text\" name=\"form_fields[keresztnev]\" id=\"form-field-keresztnev\" class=\"elementor-field elementor-size-sm  elementor-field-textual\" placeholder=\"Keresztn\u00e9v\" required=\"required\">\n\t\t\t\t\t\t\t\t\t\t\t<\/div>\n\t\t\t\t\t\t\t\t<div class=\"elementor-field-type-email elementor-field-group elementor-column elementor-field-group-email elementor-col-100 elementor-field-required\">\n\t\t\t\t\t\t\t\t\t\t\t\t<label for=\"form-field-email\" class=\"elementor-field-label\">\n\t\t\t\t\t\t\t\tE-mail c\u00edm\t\t\t\t\t\t\t<\/label>\n\t\t\t\t\t\t\t\t\t\t\t\t\t\t<input size=\"1\" type=\"email\" name=\"form_fields[email]\" id=\"form-field-email\" class=\"elementor-field elementor-size-sm  elementor-field-textual\" placeholder=\"E-mail c\u00edm\" required=\"required\">\n\t\t\t\t\t\t\t\t\t\t\t<\/div>\n\t\t\t\t\t\t\t\t<div class=\"elementor-field-type-text elementor-field-group elementor-column elementor-field-group-field_b99f566 elementor-col-100 elementor-field-required\">\n\t\t\t\t\t\t\t\t\t\t\t\t<label for=\"form-field-field_b99f566\" class=\"elementor-field-label\">\n\t\t\t\t\t\t\t\tTelefonsz\u00e1m\t\t\t\t\t\t\t<\/label>\n\t\t\t\t\t\t\t\t\t\t\t\t\t\t<input size=\"1\" type=\"text\" name=\"form_fields[field_b99f566]\" id=\"form-field-field_b99f566\" class=\"elementor-field elementor-size-sm  elementor-field-textual\" placeholder=\"Telefonsz\u00e1m\" required=\"required\">\n\t\t\t\t\t\t\t\t\t\t\t<\/div>\n\t\t\t\t\t\t\t\t<div class=\"elementor-field-type-text elementor-field-group elementor-column elementor-field-group-message elementor-col-100 elementor-field-required\">\n\t\t\t\t\t\t\t\t\t\t\t\t<label for=\"form-field-message\" class=\"elementor-field-label\">\n\t\t\t\t\t\t\t\tAd\u00f3sz\u00e1m\t\t\t\t\t\t\t<\/label>\n\t\t\t\t\t\t\t\t\t\t\t\t\t\t<input size=\"1\" type=\"text\" name=\"form_fields[message]\" id=\"form-field-message\" class=\"elementor-field elementor-size-sm  elementor-field-textual\" placeholder=\"xxxxxxxx-y-zz\" required=\"required\">\n\t\t\t\t\t\t\t\t\t\t\t<\/div>\n\t\t\t\t\t\t\t\t<div class=\"elementor-field-type-html elementor-field-group elementor-column elementor-field-group-field_b6febf5 elementor-col-100\">\n\t\t\t\t\tMagyarorsz\u00e1gon a v\u00e1llalkoz\u00e1si tev\u00e9kenys\u00e9get folytat\u00f3 mag\u00e1nszem\u00e9lyek 11 jegy\u0171 ad\u00f3sz\u00e1mmal rendelkeznek, melynek fel\u00e9p\u00edt\u00e9se a k\u00f6vetkez\u0151: <b>xxxxxxxx-y-zz<\/B><br><br>Nem \u00f6sszekeverend\u0151 az ad\u00f3azonos\u00edt\u00f3 jellel, mely a mag\u00e1nszem\u00e9ly r\u00e9sz\u00e9re meg\u00e1llap\u00edtott t\u00edz sz\u00e1mjegy\u0171 azonos\u00edt\u00f3 sz\u00e1msor, amely az ad\u00f3k\u00e1rty\u00e1n is szerepel \u00e9s mindig 8-assal kezd\u0151dik.\t\t\t\t<\/div>\n\t\t\t\t\t\t\t\t<div class=\"elementor-field-type-text\">\n\t\t\t\t\t<input size=\"1\" type=\"text\" name=\"form_fields[field_b058a95]\" id=\"form-field-field_b058a95\" class=\"elementor-field elementor-size-sm \" style=\"display:none !important;\">\t\t\t\t<\/div>\n\t\t\t\t\t\t\t\t<div class=\"elementor-field-type-step elementor-field-group elementor-column elementor-field-group-step_2 elementor-col-100\">\n\t\t\t\t\t\t\t<div class=\"e-field-step elementor-hidden\" data-label=\"\" data-previousButton=\"\" data-nextButton=\"\" data-iconUrl=\"\" data-iconLibrary=\"fas fa-star\" data-icon=\"\" ><\/div>\n\n\t\t\t\t\t\t<\/div>\n\t\t\t\t\t\t\t\t<div class=\"elementor-field-type-html elementor-field-group elementor-column elementor-field-group-field_b218ac1 elementor-col-100\">\n\t\t\t\t\t   \t\t\t\t<\/div>\n\t\t\t\t\t\t\t\t<div class=\"elementor-field-type-select elementor-field-group elementor-column elementor-field-group-field_a3a5ab8 elementor-col-100 elementor-field-required\">\n\t\t\t\t\t\t\t\t\t\t\t\t<label for=\"form-field-field_a3a5ab8\" class=\"elementor-field-label\">\n\t\t\t\t\t\t\t\tEgy\u00e9ni v\u00e1llalkoz\u00f3i st\u00e1tuszod\t\t\t\t\t\t\t<\/label>\n\t\t\t\t\t\t\t\t<div class=\"elementor-field elementor-select-wrapper remove-before \">\n\t\t\t<div class=\"select-caret-down-wrapper\">\n\t\t\t\t<i aria-hidden=\"true\" class=\"eicon-caret-down\"><\/i>\t\t\t<\/div>\n\t\t\t<select name=\"form_fields[field_a3a5ab8]\" id=\"form-field-field_a3a5ab8\" class=\"elementor-field-textual elementor-size-sm\" required=\"required\">\n\t\t\t\t\t\t\t\t\t<option value=\"\">K\u00e9rj\u00fck v\u00e1lassz...<\/option>\n\t\t\t\t\t\t\t\t\t<option value=\"F\u0151\u00e1ll\u00e1s\u00fa\">F\u0151\u00e1ll\u00e1s\u00fa<\/option>\n\t\t\t\t\t\t\t\t\t<option value=\"Mell\u00e9k\u00e1ll\u00e1s\u00fa (heti 36 \u00f3r\u00e1s munkaviszony mellett)\">Mell\u00e9k\u00e1ll\u00e1s\u00fa (heti 36 \u00f3r\u00e1s munkaviszony mellett)<\/option>\n\t\t\t\t\t\t\t\t\t<option value=\"Mell\u00e9k\u00e1ll\u00e1s\u00fa (nappali tagozatos hallagt\u00f3i jogviszony mellett)\">Mell\u00e9k\u00e1ll\u00e1s\u00fa (nappali tagozatos hallagt\u00f3i jogviszony mellett)<\/option>\n\t\t\t\t\t\t\t\t\t<option value=\"Nyugd\u00edjas\">Nyugd\u00edjas<\/option>\n\t\t\t\t\t\t\t<\/select>\n\t\t<\/div>\n\t\t\t\t\t\t<\/div>\n\t\t\t\t\t\t\t\t<div class=\"elementor-field-type-select elementor-field-group elementor-column elementor-field-group-field_544d65f elementor-col-100 elementor-field-required\">\n\t\t\t\t\t\t\t\t\t\t\t\t<label for=\"form-field-field_544d65f\" class=\"elementor-field-label\">\n\t\t\t\t\t\t\t\tMelyik sz\u00e1ml\u00e1z\u00f3programot haszn\u00e1lod\t\t\t\t\t\t\t<\/label>\n\t\t\t\t\t\t\t\t<div class=\"elementor-field elementor-select-wrapper remove-before \">\n\t\t\t<div class=\"select-caret-down-wrapper\">\n\t\t\t\t<i aria-hidden=\"true\" class=\"eicon-caret-down\"><\/i>\t\t\t<\/div>\n\t\t\t<select name=\"form_fields[field_544d65f]\" id=\"form-field-field_544d65f\" class=\"elementor-field-textual elementor-size-sm\" required=\"required\">\n\t\t\t\t\t\t\t\t\t<option value=\"\">K\u00e9rj\u00fck v\u00e1lassz...<\/option>\n\t\t\t\t\t\t\t\t\t<option value=\"Sz\u00e1ml\u00e1zz.hu\">Sz\u00e1ml\u00e1zz.hu<\/option>\n\t\t\t\t\t\t\t\t\t<option value=\"Billingo\">Billingo<\/option>\n\t\t\t\t\t\t\t\t\t<option value=\"NAV Online Sz\u00e1mla\">NAV Online Sz\u00e1mla<\/option>\n\t\t\t\t\t\t\t\t\t<option value=\"Egy\u00e9b\">Egy\u00e9b<\/option>\n\t\t\t\t\t\t\t<\/select>\n\t\t<\/div>\n\t\t\t\t\t\t<\/div>\n\t\t\t\t\t\t\t\t<div class=\"elementor-field-type-html elementor-field-group elementor-column elementor-field-group-field_c9abef5 elementor-col-100\">\n\t\t\t\t\t   \t\t\t\t<\/div>\n\t\t\t\t\t\t\t\t<div class=\"elementor-field-type-step elementor-field-group elementor-column elementor-field-group-step_4 elementor-col-100\">\n\t\t\t\t\t\t\t<div class=\"e-field-step elementor-hidden\" data-label=\"\" data-previousButton=\"\" data-nextButton=\"\" data-iconUrl=\"\" data-iconLibrary=\"fas fa-star\" data-icon=\"\" ><\/div>\n\n\t\t\t\t\t\t<\/div>\n\t\t\t\t\t\t\t\t<div class=\"elementor-field-type-html elementor-field-group elementor-column elementor-field-group-field_e0619bc elementor-col-100\">\n\t\t\t\t\t<h6><b><br>Ahhoz, hogy egy\u00fctt tudjunk dolgozni, k\u00e9rj\u00fck, nyilatkozz az al\u00e1bbiakr\u00f3l:<\/h6><\/b>\t\t\t\t<\/div>\n\t\t\t\t\t\t\t\t<div class=\"elementor-field-type-acceptance elementor-field-group elementor-column elementor-field-group-atalanyadozo elementor-col-100 elementor-field-required\">\n\t\t\t\t\t\t\t<div class=\"elementor-field-subgroup\">\n\t\t\t<span class=\"elementor-field-option\">\n\t\t\t\t<input type=\"checkbox\" name=\"form_fields[atalanyadozo]\" id=\"form-field-atalanyadozo\" class=\"elementor-field elementor-size-sm  elementor-acceptance-field\" required=\"required\">\n\t\t\t\t<label for=\"form-field-atalanyadozo\">&nbsp; \u00c1tal\u00e1nyad\u00f3z\u00f3 egy\u00e9ni v\u00e1llalkoz\u00f3 vagyok.<\/label>\t\t\t<\/span>\n\t\t<\/div>\n\t\t\t\t\t\t<\/div>\n\t\t\t\t\t\t\t\t<div class=\"elementor-field-type-acceptance elementor-field-group elementor-column elementor-field-group-magyarorszagon elementor-col-100 elementor-field-required\">\n\t\t\t\t\t\t\t<div class=\"elementor-field-subgroup\">\n\t\t\t<span class=\"elementor-field-option\">\n\t\t\t\t<input type=\"checkbox\" name=\"form_fields[magyarorszagon]\" id=\"form-field-magyarorszagon\" class=\"elementor-field elementor-size-sm  elementor-acceptance-field\" required=\"required\">\n\t\t\t\t<label for=\"form-field-magyarorszagon\">&nbsp; Magyarorsz\u00e1gon vagyok biztos\u00edtott.<\/label>\t\t\t<\/span>\n\t\t<\/div>\n\t\t\t\t\t\t<\/div>\n\t\t\t\t\t\t\t\t<div class=\"elementor-field-type-acceptance elementor-field-group elementor-column elementor-field-group-nem_alkalmazok elementor-col-100 elementor-field-required\">\n\t\t\t\t\t\t\t<div class=\"elementor-field-subgroup\">\n\t\t\t<span class=\"elementor-field-option\">\n\t\t\t\t<input type=\"checkbox\" name=\"form_fields[nem_alkalmazok]\" id=\"form-field-nem_alkalmazok\" class=\"elementor-field elementor-size-sm  elementor-acceptance-field\" required=\"required\">\n\t\t\t\t<label for=\"form-field-nem_alkalmazok\">&nbsp; Nem alkalmazok munkav\u00e1llal\u00f3t.<\/label>\t\t\t<\/span>\n\t\t<\/div>\n\t\t\t\t\t\t<\/div>\n\t\t\t\t\t\t\t\t<div class=\"elementor-field-type-html elementor-field-group elementor-column elementor-field-group-field_ebd115c elementor-col-100\">\n\t\t\t\t\t    \t\t\t\t<\/div>\n\t\t\t\t\t\t\t\t<div class=\"elementor-field-type-step elementor-field-group elementor-column elementor-field-group-field_05396c5 elementor-col-100\">\n\t\t\t\t\t\t\t<div class=\"e-field-step elementor-hidden\" data-label=\"\" data-previousButton=\"\" data-nextButton=\"\" data-iconUrl=\"\" data-iconLibrary=\"fas fa-star\" data-icon=\"\" ><\/div>\n\n\t\t\t\t\t\t<\/div>\n\t\t\t\t\t\t\t\t<div class=\"elementor-field-type-html elementor-field-group elementor-column elementor-field-group-field_6dce135 elementor-col-100\">\n\t\t\t\t\t   \t\t\t\t<\/div>\n\t\t\t\t\t\t\t\t<div class=\"elementor-field-type-select elementor-field-group elementor-column elementor-field-group-field_2c342b4 elementor-col-100 elementor-field-required\">\n\t\t\t\t\t\t\t\t\t\t\t\t<label for=\"form-field-field_2c342b4\" class=\"elementor-field-label\">\n\t\t\t\t\t\t\t\tHonnan hallott\u00e1l r\u00f3lunk?\t\t\t\t\t\t\t<\/label>\n\t\t\t\t\t\t\t\t<div class=\"elementor-field elementor-select-wrapper remove-before \">\n\t\t\t<div class=\"select-caret-down-wrapper\">\n\t\t\t\t<i aria-hidden=\"true\" class=\"eicon-caret-down\"><\/i>\t\t\t<\/div>\n\t\t\t<select name=\"form_fields[field_2c342b4]\" id=\"form-field-field_2c342b4\" class=\"elementor-field-textual elementor-size-sm\" required=\"required\">\n\t\t\t\t\t\t\t\t\t<option value=\"V\u00e1lassz...\">V\u00e1lassz...<\/option>\n\t\t\t\t\t\t\t\t\t<option value=\"1 - Hirdet\u00e9sben l\u00e1ttam\">1 - Hirdet\u00e9sben l\u00e1ttam<\/option>\n\t\t\t\t\t\t\t\t\t<option value=\"2 - Google keres\u00e9s alapj\u00e1n\">2 - Google keres\u00e9s alapj\u00e1n<\/option>\n\t\t\t\t\t\t\t\t\t<option value=\"3 - Facebookon \">3 - Facebookon<\/option>\n\t\t\t\t\t\t\t\t\t<option value=\"4 - Ismer\u0151s\u00f6m aj\u00e1nlotta\">4 - Ismer\u0151s\u00f6m aj\u00e1nlotta<\/option>\n\t\t\t\t\t\t\t\t\t<option value=\"5 - Egy\u00e9b, meg\u00edrom megjegyz\u00e9sbe\">5 - Egy\u00e9b, meg\u00edrom megjegyz\u00e9sbe<\/option>\n\t\t\t\t\t\t\t<\/select>\n\t\t<\/div>\n\t\t\t\t\t\t<\/div>\n\t\t\t\t\t\t\t\t<div class=\"elementor-field-type-textarea elementor-field-group elementor-column elementor-field-group-field_d5ec342 elementor-col-100\">\n\t\t\t\t\t\t\t\t\t\t\t\t<label for=\"form-field-field_d5ec342\" class=\"elementor-field-label\">\n\t\t\t\t\t\t\t\tMegjegyz\u00e9s\t\t\t\t\t\t\t<\/label>\n\t\t\t\t\t\t<textarea class=\"elementor-field-textual elementor-field  elementor-size-sm\" name=\"form_fields[field_d5ec342]\" id=\"form-field-field_d5ec342\" rows=\"5\" placeholder=\"B\u00e1rmilyen egy\u00e9b fontos inform\u00e1ci\u00f3, amit szeretn\u00e9l vel\u00fcnk megosztani\"><\/textarea>\t\t\t\t<\/div>\n\t\t\t\t\t\t\t\t<div class=\"elementor-field-type-html elementor-field-group elementor-column elementor-field-group-field_d161f51 elementor-col-100\">\n\t\t\t\t\t    \t\t\t\t<\/div>\n\t\t\t\t\t\t\t\t<div class=\"elementor-field-type-acceptance elementor-field-group elementor-column elementor-field-group-hirlevel elementor-col-100\">\n\t\t\t\t\t\t\t<div class=\"elementor-field-subgroup\">\n\t\t\t<span class=\"elementor-field-option\">\n\t\t\t\t<input type=\"checkbox\" name=\"form_fields[hirlevel]\" id=\"form-field-hirlevel\" class=\"elementor-field elementor-size-sm  elementor-acceptance-field\">\n\t\t\t\t<label for=\"form-field-hirlevel\">Feliratkoz\u00e1sommal elfogadom, hogy a SimpleTax indul\u00e1s\u00e1val kapcsolatos t\u00e1j\u00e9koztat\u00f3 e-maileket k\u00fcldj\u00f6n nekem.<\/label>\t\t\t<\/span>\n\t\t<\/div>\n\t\t\t\t\t\t<\/div>\n\t\t\t\t\t\t\t\t<div class=\"elementor-field-type-acceptance elementor-field-group elementor-column elementor-field-group-aszf elementor-col-100 elementor-field-required\">\n\t\t\t\t\t\t\t<div class=\"elementor-field-subgroup\">\n\t\t\t<span class=\"elementor-field-option\">\n\t\t\t\t<input type=\"checkbox\" name=\"form_fields[aszf]\" id=\"form-field-aszf\" class=\"elementor-field elementor-size-sm  elementor-acceptance-field\" required=\"required\">\n\t\t\t\t<label for=\"form-field-aszf\">Elolvastam, meg\u00e9rtettem, \u00e9s elfogadom az \n<a href=\"\/altalanos-szerzodesi-feltetelek\" target=\"_blank\">\u00c1ltal\u00e1nos szerz\u0151d\u00e9si felt\u00e9telekben<\/a>\n \u00e9s az <a href=\"\/adatvedelmi-szabalyzat\" target=\"_blank\">Adatv\u00e9delmi szab\u00e1lyzatban<\/a> foglaltakat.<\/label>\t\t\t<\/span>\n\t\t<\/div>\n\t\t\t\t\t\t<\/div>\n\t\t\t\t\t\t\t\t<div class=\"elementor-field-type-html elementor-field-group elementor-column elementor-field-group-field_7fb54ca elementor-col-100\">\n\t\t\t\t\t   \t\t\t\t<\/div>\n\t\t\t\t\t\t\t\t<div class=\"elementor-field-group elementor-column elementor-field-type-submit elementor-col-100 e-form__buttons\">\n\t\t\t\t\t<button class=\"elementor-button elementor-size-sm\" type=\"submit\">\n\t\t\t\t\t\t<span class=\"elementor-button-content-wrapper\">\n\t\t\t\t\t\t\t\t\t\t\t\t\t\t\t\t\t\t\t\t\t\t<span class=\"elementor-button-text\">K\u00fcld\u00e9s<\/span>\n\t\t\t\t\t\t\t\t\t\t\t\t\t<\/span>\n\t\t\t\t\t<\/button>\n\t\t\t\t<\/div>\n\t\t\t<\/div>\n\t\t<\/form>\n\t\t\t\t\t\t<\/div>\n\t\t\t\t<\/div>\n\t\t\t\t\t<\/div>\n\t\t<\/div>\n\t\t\t\t\t<\/div>\n\t\t<\/section>\n\t\t\t\t<\/div>\n\t\t","protected":false},"excerpt":{"rendered":"","protected":false},"author":2,"featured_media":0,"parent":0,"menu_order":0,"comment_status":"closed","ping_status":"closed","template":"","meta":{"_gspb_post_css":"","footnotes":""},"class_list":["post-532","page","type-page","status-publish","hentry"],"_links":{"self":[{"href":"https:\/\/simpletax.hu\/en\/wp-json\/wp\/v2\/pages\/532","targetHints":{"allow":["GET"]}}],"collection":[{"href":"https:\/\/simpletax.hu\/en\/wp-json\/wp\/v2\/pages"}],"about":[{"href":"https:\/\/simpletax.hu\/en\/wp-json\/wp\/v2\/types\/page"}],"author":[{"embeddable":true,"href":"https:\/\/simpletax.hu\/en\/wp-json\/wp\/v2\/users\/2"}],"replies":[{"embeddable":true,"href":"https:\/\/simpletax.hu\/en\/wp-json\/wp\/v2\/comments?post=532"}],"version-history":[{"count":35,"href":"https:\/\/simpletax.hu\/en\/wp-json\/wp\/v2\/pages\/532\/revisions"}],"predecessor-version":[{"id":3316,"href":"https:\/\/simpletax.hu\/en\/wp-json\/wp\/v2\/pages\/532\/revisions\/3316"}],"wp:attachment":[{"href":"https:\/\/simpletax.hu\/en\/wp-json\/wp\/v2\/media?parent=532"}],"curies":[{"name":"wp","href":"https:\/\/api.w.org\/{rel}","templated":true}]}}