{"id":3217,"date":"2023-06-07T15:55:30","date_gmt":"2023-06-07T15:55:30","guid":{"rendered":"http:\/\/simpletax.hu\/?page_id=3217"},"modified":"2026-01-01T08:32:41","modified_gmt":"2026-01-01T08:32:41","slug":"dijazasunk","status":"publish","type":"page","link":"https:\/\/simpletax.hu\/en\/dijazasunk\/","title":{"rendered":"Our fees"},"content":{"rendered":"<div data-elementor-type=\"wp-page\" data-elementor-id=\"3217\" class=\"elementor elementor-3217\" data-elementor-post-type=\"page\">\n\t\t\t\t\t\t<section class=\"ob-is-breaking-bad elementor-section elementor-top-section elementor-element elementor-element-45cfe0d elementor-section-boxed elementor-section-height-default elementor-section-height-default\" data-id=\"45cfe0d\" data-element_type=\"section\" data-e-type=\"section\" data-settings=\"{&quot;jet_parallax_layout_list&quot;:[],&quot;background_background&quot;:&quot;classic&quot;,&quot;_ob_bbad_use_it&quot;:&quot;yes&quot;,&quot;_ob_bbad_sssic_use&quot;:&quot;no&quot;,&quot;_ob_glider_is_slider&quot;:&quot;no&quot;}\">\n\t\t\t\t\t\t<div class=\"elementor-container elementor-column-gap-default\">\n\t\t\t\t\t<div class=\"elementor-column elementor-col-100 elementor-top-column elementor-element elementor-element-6398441\" data-id=\"6398441\" data-element_type=\"column\" data-e-type=\"column\" data-settings=\"{&quot;_ob_bbad_is_stalker&quot;:&quot;no&quot;,&quot;_ob_teleporter_use&quot;:false,&quot;_ob_column_hoveranimator&quot;:&quot;no&quot;,&quot;_ob_column_has_pseudo&quot;:&quot;no&quot;}\">\n\t\t\t<div class=\"elementor-widget-wrap elementor-element-populated\">\n\t\t\t\t\t\t<div class=\"elementor-element elementor-element-2e9bb28 ob-harakiri-inherit ob-has-background-overlay elementor-widget elementor-widget-heading\" data-id=\"2e9bb28\" data-element_type=\"widget\" data-e-type=\"widget\" data-settings=\"{&quot;_ob_use_harakiri&quot;:&quot;yes&quot;,&quot;_ob_harakiri_writing_mode&quot;:&quot;inherit&quot;,&quot;_ob_harakiri_text_clip&quot;:&quot;none&quot;,&quot;_ob_perspektive_use&quot;:&quot;no&quot;,&quot;_ob_poopart_use&quot;:&quot;yes&quot;,&quot;_ob_shadough_use&quot;:&quot;no&quot;,&quot;_ob_allow_hoveranimator&quot;:&quot;no&quot;,&quot;_ob_widget_stalker_use&quot;:&quot;no&quot;}\" data-widget_type=\"heading.default\">\n\t\t\t\t<div class=\"elementor-widget-container\">\n\t\t\t\t\t<h2 class=\"elementor-heading-title elementor-size-default\">Our fees<\/h2>\t\t\t\t<\/div>\n\t\t\t\t<\/div>\n\t\t\t\t<section class=\"ob-is-breaking-bad ob-bb-inner elementor-section elementor-inner-section elementor-element elementor-element-611854f elementor-section-boxed elementor-section-height-default elementor-section-height-default\" data-id=\"611854f\" data-element_type=\"section\" data-e-type=\"section\" data-settings=\"{&quot;jet_parallax_layout_list&quot;:[],&quot;_ob_bbad_use_it&quot;:&quot;yes&quot;,&quot;_ob_bbad_sssic_use&quot;:&quot;no&quot;,&quot;_ob_glider_is_slider&quot;:&quot;no&quot;}\">\n\t\t\t\t\t\t<div class=\"elementor-container elementor-column-gap-wider\">\n\t\t\t\t\t<div class=\"elementor-column elementor-col-50 elementor-inner-column elementor-element elementor-element-d27cf30\" data-id=\"d27cf30\" data-element_type=\"column\" data-e-type=\"column\" data-settings=\"{&quot;_ob_bbad_is_stalker&quot;:&quot;no&quot;,&quot;_ob_teleporter_use&quot;:false,&quot;_ob_column_hoveranimator&quot;:&quot;no&quot;,&quot;_ob_column_has_pseudo&quot;:&quot;no&quot;}\">\n\t\t\t<div class=\"elementor-widget-wrap elementor-element-populated\">\n\t\t\t\t\t\t<div class=\"elementor-element elementor-element-d28e274 elementor-widget-mobile__width-inherit ob-has-background-overlay elementor-widget elementor-widget-jet-price-list\" data-id=\"d28e274\" data-element_type=\"widget\" data-e-type=\"widget\" data-settings=\"{&quot;_ob_perspektive_use&quot;:&quot;no&quot;,&quot;_ob_poopart_use&quot;:&quot;yes&quot;,&quot;_ob_shadough_use&quot;:&quot;no&quot;,&quot;_ob_allow_hoveranimator&quot;:&quot;no&quot;,&quot;_ob_widget_stalker_use&quot;:&quot;no&quot;}\" data-widget_type=\"jet-price-list.default\">\n\t\t\t\t<div class=\"elementor-widget-container\">\n\t\t\t\t\t<div class=\"elementor-jet-price-list jet-elements\">\n<ul class=\"jet-price-list\"><li class=\"price-list__item\"><div class=\"price-list__item-inner\"><div class=\"price-list__item-content\"><div class=\"price-list__item-title__wrapper\"><h5 class=\"price-list__item-title\">Monthly fee<\/h5><div class=\"price-list__item-separator\"><\/div><div class=\"price-list__item-price\">7890 HUF + VAT (gr. 10 020 HUF)<\/div><\/div><div class=\"price-list__item-desc\">For kata sole-entrepreneurs<\/div><\/div><\/div><\/li><li class=\"price-list__item\"><div class=\"price-list__item-inner\"><div class=\"price-list__item-content\"><div class=\"price-list__item-title__wrapper\"><h5 class=\"price-list__item-title\">Monthly fee<\/h5><div class=\"price-list__item-separator\"><\/div><div class=\"price-list__item-price\">8890 HUF + VAT (gr. 11 290 HUF)<\/div><\/div><div class=\"price-list__item-desc\">For part-timer sole-entrepreneurs<\/div><\/div><\/div><\/li><li class=\"price-list__item\"><div class=\"price-list__item-inner\"><div class=\"price-list__item-content\"><div class=\"price-list__item-title__wrapper\"><h5 class=\"price-list__item-title\">Monthly fee<\/h5><div class=\"price-list__item-separator\"><\/div><div class=\"price-list__item-price\">9890 HUF + VAT (gr. 12 560 HUF)<\/div><\/div><div class=\"price-list__item-desc\">For full-timer sole entrepreneurs<\/div><\/div><\/div><\/li><li class=\"price-list__item\"><div class=\"price-list__item-inner\"><div class=\"price-list__item-content\"><div class=\"price-list__item-title__wrapper\"><h5 class=\"price-list__item-title\">Starting a sole entrepreneurship<\/h5><div class=\"price-list__item-separator\"><\/div><div class=\"price-list__item-price\">7795 HUF + VAT (gr. 9900 HUF)<\/div><\/div><div class=\"price-list__item-desc\">On week- and workdays<\/div><\/div><\/div><\/li><li class=\"price-list__item\"><div class=\"price-list__item-inner\"><div class=\"price-list__item-content\"><div class=\"price-list__item-title__wrapper\"><h5 class=\"price-list__item-title\">Starting a sole entrepreneurship<\/h5><div class=\"price-list__item-separator\"><\/div><div class=\"price-list__item-price\">11 803 HUF + VAT (gr. 14 990 HUF)<\/div><\/div><div class=\"price-list__item-desc\">Immediately on the day of the application<\/div><\/div><\/div><\/li><li class=\"price-list__item\"><div class=\"price-list__item-inner\"><div class=\"price-list__item-content\"><div class=\"price-list__item-title__wrapper\"><h5 class=\"price-list__item-title\">Selfrevision fee<\/h5><div class=\"price-list__item-separator\"><\/div><div class=\"price-list__item-price\">4990 HUF + VAT (gr. 6338 HUF)<\/div><\/div><div class=\"price-list__item-desc\">For missing data<\/div><\/div><\/div><\/li><li class=\"price-list__item\"><div class=\"price-list__item-inner\"><div class=\"price-list__item-content\"><div class=\"price-list__item-title__wrapper\"><h5 class=\"price-list__item-title\">Preparing contribution returns<\/h5><div class=\"price-list__item-separator\"><\/div><div class=\"price-list__item-price\">4990 HUF + VAT (gr. 6338 HUF)<\/div><\/div><div class=\"price-list__item-desc\">For missing monthly\/quarterly contribution returns<\/div><\/div><\/div><\/li><li class=\"price-list__item\"><div class=\"price-list__item-inner\"><div class=\"price-list__item-content\"><div class=\"price-list__item-title__wrapper\"><h5 class=\"price-list__item-title\">VAT-retruns<\/h5><div class=\"price-list__item-separator\"><\/div><div class=\"price-list__item-price\">3000 HUF + VAT (gr. 3810 HUF)<\/div><\/div><div class=\"price-list__item-desc\">Up to 5 invoices<\/div><\/div><\/div><\/li><li class=\"price-list__item\"><div class=\"price-list__item-inner\"><div class=\"price-list__item-content\"><div class=\"price-list__item-title__wrapper\"><h5 class=\"price-list__item-title\">FAM01 request<\/h5><div class=\"price-list__item-separator\"><\/div><div class=\"price-list__item-price\">23 622 HUF + VAT (gr. 30 000 HUF)<\/div><\/div><div class=\"price-list__item-desc\">Filling in missing documents: 4990 HUF + VAT (gr. 6338 HUF)\/occasion<\/div><\/div><\/div><\/li><li class=\"price-list__item\"><div class=\"price-list__item-inner\"><div class=\"price-list__item-content\"><div class=\"price-list__item-title__wrapper\"><h5 class=\"price-list__item-title\">Payroll service<\/h5><div class=\"price-list__item-separator\"><\/div><div class=\"price-list__item-price\">2500 HUF + VAT (gr. 3175 HUF)<\/div><\/div><div class=\"price-list__item-desc\">1 employee<\/div><\/div><\/div><\/li><li class=\"price-list__item\"><div class=\"price-list__item-inner\"><div class=\"price-list__item-content\"><div class=\"price-list__item-title__wrapper\"><h5 class=\"price-list__item-title\">Closing KATA<\/h5><div class=\"price-list__item-separator\"><\/div><div class=\"price-list__item-price\">5000 HUF + VAT (gr. 6350 HUF)<\/div><\/div><div class=\"price-list__item-desc\">For both old and new kata<\/div><\/div><\/div><\/li><li class=\"price-list__item\"><div class=\"price-list__item-inner\"><div class=\"price-list__item-content\"><div class=\"price-list__item-title__wrapper\"><h5 class=\"price-list__item-title\">Personal income tax return<\/h5><div class=\"price-list__item-separator\"><\/div><div class=\"price-list__item-price\">7890 HUF + VAT (gr. 10 020 HUF)<\/div><\/div><div class=\"price-list__item-desc\">For pensioner sole entrepreneurs<\/div><\/div><\/div><\/li><li class=\"price-list__item\"><div class=\"price-list__item-inner\"><div class=\"price-list__item-content\"><div class=\"price-list__item-title__wrapper\"><h5 class=\"price-list__item-title\">Personal income tax return<\/h5><div class=\"price-list__item-separator\"><\/div><div class=\"price-list__item-price\">8890 HUF + VAT (gr. 11 290 HUF)<\/div><\/div><div class=\"price-list__item-desc\">For part-timers<\/div><\/div><\/div><\/li><li class=\"price-list__item\"><div class=\"price-list__item-inner\"><div class=\"price-list__item-content\"><div class=\"price-list__item-title__wrapper\"><h5 class=\"price-list__item-title\">Personal income tax return<\/h5><div class=\"price-list__item-separator\"><\/div><div class=\"price-list__item-price\">9890 HUF + VAT (gr. 12 560 HUF)<\/div><\/div><div class=\"price-list__item-desc\">For full-timers<\/div><\/div><\/div><\/li><li class=\"price-list__item\"><div class=\"price-list__item-inner\"><div class=\"price-list__item-content\"><div class=\"price-list__item-title__wrapper\"><h5 class=\"price-list__item-title\">Local busines tax return<\/h5><div class=\"price-list__item-separator\"><\/div><div class=\"price-list__item-price\">7890 HUF + VAT (gr. 10 020 HUF)<\/div><\/div><div class=\"price-list__item-desc\">For pensioner sole entrepreneurs<\/div><\/div><\/div><\/li><li class=\"price-list__item\"><div class=\"price-list__item-inner\"><div class=\"price-list__item-content\"><div class=\"price-list__item-title__wrapper\"><h5 class=\"price-list__item-title\">Local busines tax return<\/h5><div class=\"price-list__item-separator\"><\/div><div class=\"price-list__item-price\">8890 HUF + VAT (gr. 11 290 HUF)<\/div><\/div><div class=\"price-list__item-desc\">For part-timers<\/div><\/div><\/div><\/li><li class=\"price-list__item\"><div class=\"price-list__item-inner\"><div class=\"price-list__item-content\"><div class=\"price-list__item-title__wrapper\"><h5 class=\"price-list__item-title\">Local busines tax return<\/h5><div class=\"price-list__item-separator\"><\/div><div class=\"price-list__item-price\">9890 HUF + VAT (gr. 12 560 HUF)<\/div><\/div><div class=\"price-list__item-desc\">For full-timers<\/div><\/div><\/div><\/li><li class=\"price-list__item\"><div class=\"price-list__item-inner\"><div class=\"price-list__item-content\"><div class=\"price-list__item-title__wrapper\"><h5 class=\"price-list__item-title\">Suspension<\/h5><div class=\"price-list__item-separator\"><\/div><div class=\"price-list__item-price\">7890 HUF + VAT (gr. 10 020 HUF)<\/div><\/div><div class=\"price-list__item-desc\">For pensioner sole entrepreneurs<\/div><\/div><\/div><\/li><li class=\"price-list__item\"><div class=\"price-list__item-inner\"><div class=\"price-list__item-content\"><div class=\"price-list__item-title__wrapper\"><h5 class=\"price-list__item-title\">Suspension<\/h5><div class=\"price-list__item-separator\"><\/div><div class=\"price-list__item-price\">8890 HUF + VAT (gr. 11 290 HUF)<\/div><\/div><div class=\"price-list__item-desc\">For part-timers<\/div><\/div><\/div><\/li><li class=\"price-list__item\"><div class=\"price-list__item-inner\"><div class=\"price-list__item-content\"><div class=\"price-list__item-title__wrapper\"><h5 class=\"price-list__item-title\">Suspension<\/h5><div class=\"price-list__item-separator\"><\/div><div class=\"price-list__item-price\">9890 HUF + VAT (gr. 12 560 HUF)<\/div><\/div><div class=\"price-list__item-desc\">For full-timers<\/div><\/div><\/div><\/li><li class=\"price-list__item\"><div class=\"price-list__item-inner\"><div class=\"price-list__item-content\"><div class=\"price-list__item-title__wrapper\"><h5 class=\"price-list__item-title\">Termination<\/h5><div class=\"price-list__item-separator\"><\/div><div class=\"price-list__item-price\">7795 HUF + VAT (gr. 9900 HUF)<\/div><\/div><div class=\"price-list__item-desc\">Termination of sole entrepreneurships<\/div><\/div><\/div><\/li><\/ul><\/div>\t\t\t\t<\/div>\n\t\t\t\t<\/div>\n\t\t\t\t<div class=\"elementor-element elementor-element-a60417e ob-harakiri-inherit ob-has-background-overlay elementor-widget elementor-widget-text-editor\" data-id=\"a60417e\" data-element_type=\"widget\" data-e-type=\"widget\" data-settings=\"{&quot;_ob_use_harakiri&quot;:&quot;yes&quot;,&quot;_ob_harakiri_writing_mode&quot;:&quot;inherit&quot;,&quot;_ob_postman_use&quot;:&quot;no&quot;,&quot;_ob_perspektive_use&quot;:&quot;no&quot;,&quot;_ob_poopart_use&quot;:&quot;yes&quot;,&quot;_ob_shadough_use&quot;:&quot;no&quot;,&quot;_ob_allow_hoveranimator&quot;:&quot;no&quot;,&quot;_ob_widget_stalker_use&quot;:&quot;no&quot;}\" data-widget_type=\"text-editor.default\">\n\t\t\t\t<div class=\"elementor-widget-container\">\n\t\t\t\t\t\t\t\t\t<p>Apply from 01\/01\/2026<\/p>\t\t\t\t\t\t\t\t<\/div>\n\t\t\t\t<\/div>\n\t\t\t\t\t<\/div>\n\t\t<\/div>\n\t\t\t\t<div class=\"elementor-column elementor-col-50 elementor-inner-column elementor-element elementor-element-3bca461\" data-id=\"3bca461\" data-element_type=\"column\" data-e-type=\"column\" data-settings=\"{&quot;_ob_bbad_is_stalker&quot;:&quot;no&quot;,&quot;_ob_teleporter_use&quot;:false,&quot;_ob_column_hoveranimator&quot;:&quot;no&quot;,&quot;_ob_column_has_pseudo&quot;:&quot;no&quot;}\">\n\t\t\t<div class=\"elementor-widget-wrap elementor-element-populated\">\n\t\t\t\t\t\t<div class=\"elementor-element elementor-element-df0e5f9 ob-has-background-overlay elementor-widget elementor-widget-image\" data-id=\"df0e5f9\" data-element_type=\"widget\" data-e-type=\"widget\" data-settings=\"{&quot;_ob_photomorph_use&quot;:&quot;no&quot;,&quot;_ob_perspektive_use&quot;:&quot;no&quot;,&quot;_ob_poopart_use&quot;:&quot;yes&quot;,&quot;_ob_shadough_use&quot;:&quot;no&quot;,&quot;_ob_allow_hoveranimator&quot;:&quot;no&quot;,&quot;_ob_widget_stalker_use&quot;:&quot;no&quot;}\" data-widget_type=\"image.default\">\n\t\t\t\t<div class=\"elementor-widget-container\">\n\t\t\t\t\t\t\t\t\t\t\t\t\t\t\t<img fetchpriority=\"high\" decoding=\"async\" width=\"800\" height=\"627\" src=\"https:\/\/simpletax.hu\/wp-content\/uploads\/2022\/08\/accounting_7-1024x803.png\" class=\"attachment-large size-large wp-image-902\" alt=\"\" srcset=\"https:\/\/simpletax.hu\/wp-content\/uploads\/2022\/08\/accounting_7-1024x803.png 1024w, https:\/\/simpletax.hu\/wp-content\/uploads\/2022\/08\/accounting_7-300x235.png 300w, https:\/\/simpletax.hu\/wp-content\/uploads\/2022\/08\/accounting_7-768x602.png 768w, https:\/\/simpletax.hu\/wp-content\/uploads\/2022\/08\/accounting_7-1536x1205.png 1536w, https:\/\/simpletax.hu\/wp-content\/uploads\/2022\/08\/accounting_7-600x471.png 600w, https:\/\/simpletax.hu\/wp-content\/uploads\/2022\/08\/accounting_7.png 1618w\" sizes=\"(max-width: 800px) 100vw, 800px\" \/>\t\t\t\t\t\t\t\t\t\t\t\t\t\t\t<\/div>\n\t\t\t\t<\/div>\n\t\t\t\t<div class=\"elementor-element elementor-element-bb8f38b elementor-widget__width-inherit elementor-widget-mobile__width-inherit ob-harakiri-inherit ob-has-background-overlay elementor-widget elementor-widget-heading\" data-id=\"bb8f38b\" data-element_type=\"widget\" data-e-type=\"widget\" data-settings=\"{&quot;_ob_use_harakiri&quot;:&quot;yes&quot;,&quot;_ob_harakiri_writing_mode&quot;:&quot;inherit&quot;,&quot;_ob_harakiri_text_clip&quot;:&quot;none&quot;,&quot;_ob_perspektive_use&quot;:&quot;no&quot;,&quot;_ob_poopart_use&quot;:&quot;yes&quot;,&quot;_ob_shadough_use&quot;:&quot;no&quot;,&quot;_ob_allow_hoveranimator&quot;:&quot;no&quot;,&quot;_ob_widget_stalker_use&quot;:&quot;no&quot;}\" data-widget_type=\"heading.default\">\n\t\t\t\t<div class=\"elementor-widget-container\">\n\t\t\t\t\t<h1 class=\"elementor-heading-title elementor-size-default translation-block\">For further infomration on our pricing, contact us at <br><u><a href=\"mailto:hello@simpletax.hu\" target=\"_self\">hello@simpletax.hu<\/a><\/u> <br>or <br><u><a href=\"tel:+36300757777\" target=\"_self\">+36 30 075 7777<\/a><\/u><\/h1>\t\t\t\t<\/div>\n\t\t\t\t<\/div>\n\t\t\t\t\t<\/div>\n\t\t<\/div>\n\t\t\t\t\t<\/div>\n\t\t<\/section>\n\t\t\t\t\t<\/div>\n\t\t<\/div>\n\t\t\t\t\t<\/div>\n\t\t<\/section>\n\t\t\t\t<\/div>","protected":false},"excerpt":{"rendered":"<p>D\u00edjaz\u00e1sunk Havid\u00edj 5990 Ft + \u00e1fa (br. 7480 Ft)Nyugd\u00edjas\/kat\u00e1s egy\u00e9ni v\u00e1llalkoz\u00f3k sz\u00e1m\u00e1ra Havid\u00edj 6890 Ft + \u00e1fa (br. 8750 Ft)Mell\u00e9k\u00e1ll\u00e1s\u00fa egy\u00e9ni v\u00e1llalkoz\u00f3k sz\u00e1m\u00e1ra Havid\u00edj 7890 Ft + \u00e1fa (br. 10 020 Ft)F\u0151\u00e1ll\u00e1s\u00fa egy\u00e9ni v\u00e1llalkoz\u00f3k sz\u00e1m\u00e1ra V\u00e1llalkoz\u00e1sind\u00edt\u00e1s 7795 Ft + \u00e1fa (br. 9900 Ft)H\u00e9tk\u00f6znapokon \u00e9s munkanapokon V\u00e1llalkoz\u00e1sind\u00edt\u00e1s 11 803 Ft + \u00e1fa (br. 14 990 Ft)Jelentkez\u00e9s [&hellip;]<\/p>\n","protected":false},"author":3,"featured_media":0,"parent":0,"menu_order":0,"comment_status":"closed","ping_status":"closed","template":"","meta":{"_gspb_post_css":"","footnotes":""},"class_list":["post-3217","page","type-page","status-publish","hentry"],"_links":{"self":[{"href":"https:\/\/simpletax.hu\/en\/wp-json\/wp\/v2\/pages\/3217","targetHints":{"allow":["GET"]}}],"collection":[{"href":"https:\/\/simpletax.hu\/en\/wp-json\/wp\/v2\/pages"}],"about":[{"href":"https:\/\/simpletax.hu\/en\/wp-json\/wp\/v2\/types\/page"}],"author":[{"embeddable":true,"href":"https:\/\/simpletax.hu\/en\/wp-json\/wp\/v2\/users\/3"}],"replies":[{"embeddable":true,"href":"https:\/\/simpletax.hu\/en\/wp-json\/wp\/v2\/comments?post=3217"}],"version-history":[{"count":99,"href":"https:\/\/simpletax.hu\/en\/wp-json\/wp\/v2\/pages\/3217\/revisions"}],"predecessor-version":[{"id":29215,"href":"https:\/\/simpletax.hu\/en\/wp-json\/wp\/v2\/pages\/3217\/revisions\/29215"}],"wp:attachment":[{"href":"https:\/\/simpletax.hu\/en\/wp-json\/wp\/v2\/media?parent=3217"}],"curies":[{"name":"wp","href":"https:\/\/api.w.org\/{rel}","templated":true}]}}