{"id":31132,"date":"2026-02-23T10:40:13","date_gmt":"2026-02-23T10:40:13","guid":{"rendered":"https:\/\/simpletax.hu\/?page_id=31132"},"modified":"2026-03-16T13:00:11","modified_gmt":"2026-03-16T13:00:11","slug":"personal-income-tax-and-local-business-tax-returns-for-2025","status":"publish","type":"page","link":"https:\/\/simpletax.hu\/en\/personal-income-tax-and-local-business-tax-returns-for-2025\/","title":{"rendered":"Personal income tax and local business tax returns for 2025"},"content":{"rendered":"<div data-elementor-type=\"wp-page\" data-elementor-id=\"31132\" class=\"elementor elementor-31132\" data-elementor-post-type=\"page\">\n\t\t\t\t\t\t<section class=\"ob-is-breaking-bad elementor-section elementor-top-section elementor-element elementor-element-336c772 elementor-section-boxed elementor-section-height-default elementor-section-height-default\" data-id=\"336c772\" data-element_type=\"section\" data-settings=\"{&quot;jet_parallax_layout_list&quot;:[],&quot;_ob_bbad_use_it&quot;:&quot;yes&quot;,&quot;_ob_bbad_sssic_use&quot;:&quot;no&quot;,&quot;_ob_glider_is_slider&quot;:&quot;no&quot;}\">\n\t\t\t\t\t\t<div class=\"elementor-container elementor-column-gap-default\">\n\t\t\t\t\t<div class=\"elementor-column elementor-col-50 elementor-top-column elementor-element elementor-element-d8f963d\" data-id=\"d8f963d\" data-element_type=\"column\" data-settings=\"{&quot;_ob_bbad_is_stalker&quot;:&quot;no&quot;,&quot;_ob_teleporter_use&quot;:false,&quot;_ob_column_hoveranimator&quot;:&quot;no&quot;,&quot;_ob_column_has_pseudo&quot;:&quot;no&quot;}\">\n\t\t\t<div class=\"elementor-widget-wrap elementor-element-populated\">\n\t\t\t\t\t\t<div class=\"elementor-element elementor-element-a662abd ob-has-background-overlay elementor-widget elementor-widget-image\" data-id=\"a662abd\" data-element_type=\"widget\" data-settings=\"{&quot;_ob_photomorph_use&quot;:&quot;no&quot;,&quot;_ob_perspektive_use&quot;:&quot;no&quot;,&quot;_ob_poopart_use&quot;:&quot;yes&quot;,&quot;_ob_shadough_use&quot;:&quot;no&quot;,&quot;_ob_allow_hoveranimator&quot;:&quot;no&quot;,&quot;_ob_widget_stalker_use&quot;:&quot;no&quot;}\" data-widget_type=\"image.default\">\n\t\t\t\t<div class=\"elementor-widget-container\">\n\t\t\t\t\t\t\t\t\t\t\t\t\t\t\t<img fetchpriority=\"high\" decoding=\"async\" width=\"800\" height=\"413\" src=\"https:\/\/simpletax.hu\/wp-content\/uploads\/2022\/08\/accounting_9-1024x528.png\" class=\"attachment-large size-large wp-image-970\" alt=\"\" srcset=\"https:\/\/simpletax.hu\/wp-content\/uploads\/2022\/08\/accounting_9-1024x528.png 1024w, https:\/\/simpletax.hu\/wp-content\/uploads\/2022\/08\/accounting_9-300x155.png 300w, https:\/\/simpletax.hu\/wp-content\/uploads\/2022\/08\/accounting_9-768x396.png 768w, https:\/\/simpletax.hu\/wp-content\/uploads\/2022\/08\/accounting_9-1536x793.png 1536w, https:\/\/simpletax.hu\/wp-content\/uploads\/2022\/08\/accounting_9-600x310.png 600w, https:\/\/simpletax.hu\/wp-content\/uploads\/2022\/08\/accounting_9.png 1808w\" sizes=\"(max-width: 800px) 100vw, 800px\" \/>\t\t\t\t\t\t\t\t\t\t\t\t\t\t\t<\/div>\n\t\t\t\t<\/div>\n\t\t\t\t\t<\/div>\n\t\t<\/div>\n\t\t\t\t<div class=\"elementor-column elementor-col-50 elementor-top-column elementor-element elementor-element-39a116b\" data-id=\"39a116b\" data-element_type=\"column\" data-settings=\"{&quot;_ob_bbad_is_stalker&quot;:&quot;no&quot;,&quot;_ob_teleporter_use&quot;:false,&quot;_ob_column_hoveranimator&quot;:&quot;no&quot;,&quot;_ob_column_has_pseudo&quot;:&quot;no&quot;}\">\n\t\t\t<div class=\"elementor-widget-wrap elementor-element-populated\">\n\t\t\t\t\t\t<div class=\"elementor-element elementor-element-9780dcf ob-harakiri-inherit ob-has-background-overlay elementor-widget elementor-widget-text-editor\" data-id=\"9780dcf\" data-element_type=\"widget\" data-settings=\"{&quot;_ob_use_harakiri&quot;:&quot;yes&quot;,&quot;_ob_harakiri_writing_mode&quot;:&quot;inherit&quot;,&quot;_ob_postman_use&quot;:&quot;no&quot;,&quot;_ob_perspektive_use&quot;:&quot;no&quot;,&quot;_ob_poopart_use&quot;:&quot;yes&quot;,&quot;_ob_shadough_use&quot;:&quot;no&quot;,&quot;_ob_allow_hoveranimator&quot;:&quot;no&quot;,&quot;_ob_widget_stalker_use&quot;:&quot;no&quot;}\" data-widget_type=\"text-editor.default\">\n\t\t\t\t<div class=\"elementor-widget-container\">\n\t\t\t\t\t\t\t\t\t<h5 style=\"text-align: center;\"><strong>Az \u0171rlap kit\u00f6lt\u00e9s\u00e9re 2026. 03. 15-ig ny\u00edlt lehet\u0151s\u00e9g.<\/strong><\/h5><h5 style=\"text-align: center;\"><strong>Amennyiben szeretn\u00e9l sz\u00e1munkra b\u00e1rmit k\u00fcldeni,<br \/>a\u00a0<a href=\"mailto:hello@simpletax.hu\" target=\"_blank\" rel=\"noopener\">hello@simpletax.hu<\/a>\u00a0c\u00edmen vedd fel vel\u00fcnk a kapcsolatot!<\/strong><\/h5>\t\t\t\t\t\t\t\t<\/div>\n\t\t\t\t<\/div>\n\t\t\t\t\t<\/div>\n\t\t<\/div>\n\t\t\t\t\t<\/div>\n\t\t<\/section>\n\t\t\t\t<\/div>","protected":false},"excerpt":{"rendered":"<p>Az \u0171rlap kit\u00f6lt\u00e9s\u00e9re 2026. 03. 15-ig ny\u00edlt lehet\u0151s\u00e9g. Amennyiben szeretn\u00e9l sz\u00e1munkra b\u00e1rmit k\u00fcldeni,a\u00a0hello@simpletax.hu\u00a0c\u00edmen vedd fel vel\u00fcnk a kapcsolatot!<\/p>","protected":false},"author":3,"featured_media":0,"parent":0,"menu_order":0,"comment_status":"closed","ping_status":"closed","template":"","meta":{"_gspb_post_css":"","footnotes":""},"class_list":["post-31132","page","type-page","status-publish","hentry"],"_links":{"self":[{"href":"https:\/\/simpletax.hu\/en\/wp-json\/wp\/v2\/pages\/31132","targetHints":{"allow":["GET"]}}],"collection":[{"href":"https:\/\/simpletax.hu\/en\/wp-json\/wp\/v2\/pages"}],"about":[{"href":"https:\/\/simpletax.hu\/en\/wp-json\/wp\/v2\/types\/page"}],"author":[{"embeddable":true,"href":"https:\/\/simpletax.hu\/en\/wp-json\/wp\/v2\/users\/3"}],"replies":[{"embeddable":true,"href":"https:\/\/simpletax.hu\/en\/wp-json\/wp\/v2\/comments?post=31132"}],"version-history":[{"count":10,"href":"https:\/\/simpletax.hu\/en\/wp-json\/wp\/v2\/pages\/31132\/revisions"}],"predecessor-version":[{"id":31888,"href":"https:\/\/simpletax.hu\/en\/wp-json\/wp\/v2\/pages\/31132\/revisions\/31888"}],"wp:attachment":[{"href":"https:\/\/simpletax.hu\/en\/wp-json\/wp\/v2\/media?parent=31132"}],"curies":[{"name":"wp","href":"https:\/\/api.w.org\/{rel}","templated":true}]}}