{"id":3056,"date":"2023-03-28T12:18:09","date_gmt":"2023-03-28T12:18:09","guid":{"rendered":"http:\/\/simpletax.hu\/?page_id=3056"},"modified":"2023-03-29T09:07:24","modified_gmt":"2023-03-29T09:07:24","slug":"szja-2022-1","status":"publish","type":"page","link":"https:\/\/simpletax.hu\/en\/szja-2022-1\/","title":{"rendered":"SZJA bevall\u00e1s 2022 \u2013 F\u0151\u00e1ll\u00e1s\u00faaknak"},"content":{"rendered":"<div data-elementor-type=\"wp-page\" data-elementor-id=\"3056\" class=\"elementor elementor-3056\" data-elementor-post-type=\"page\">\n\t\t\t\t\t\t<section class=\"ob-is-breaking-bad elementor-section elementor-top-section elementor-element elementor-element-1a0152e elementor-section-height-min-height elementor-section-content-middle jedv-enabled--yes elementor-section-boxed elementor-section-height-default elementor-section-items-middle\" data-id=\"1a0152e\" data-element_type=\"section\" data-e-type=\"section\" data-settings=\"{&quot;jet_parallax_layout_list&quot;:[],&quot;_ob_bbad_use_it&quot;:&quot;yes&quot;,&quot;_ob_bbad_sssic_use&quot;:&quot;no&quot;,&quot;_ob_glider_is_slider&quot;:&quot;no&quot;}\">\n\t\t\t\t\t\t<div class=\"elementor-container elementor-column-gap-default\">\n\t\t\t\t\t<div class=\"elementor-column elementor-col-100 elementor-top-column elementor-element elementor-element-83e4e0a\" data-id=\"83e4e0a\" data-element_type=\"column\" data-e-type=\"column\" data-settings=\"{&quot;_ob_bbad_is_stalker&quot;:&quot;no&quot;,&quot;_ob_teleporter_use&quot;:false,&quot;_ob_column_hoveranimator&quot;:&quot;no&quot;,&quot;_ob_column_has_pseudo&quot;:&quot;no&quot;}\">\n\t\t\t<div class=\"elementor-widget-wrap elementor-element-populated\">\n\t\t\t\t\t\t<div class=\"elementor-element elementor-element-c9f51ea ob-harakiri-inherit ob-has-background-overlay elementor-widget elementor-widget-heading\" data-id=\"c9f51ea\" data-element_type=\"widget\" data-e-type=\"widget\" data-settings=\"{&quot;_ob_use_harakiri&quot;:&quot;yes&quot;,&quot;_ob_harakiri_writing_mode&quot;:&quot;inherit&quot;,&quot;_ob_harakiri_text_clip&quot;:&quot;none&quot;,&quot;_ob_perspektive_use&quot;:&quot;no&quot;,&quot;_ob_poopart_use&quot;:&quot;yes&quot;,&quot;_ob_shadough_use&quot;:&quot;no&quot;,&quot;_ob_allow_hoveranimator&quot;:&quot;no&quot;,&quot;_ob_widget_stalker_use&quot;:&quot;no&quot;}\" data-widget_type=\"heading.default\">\n\t\t\t\t<div class=\"elementor-widget-container\">\n\t\t\t\t\t<p class=\"elementor-heading-title elementor-size-default\">A tartalom csak bejelentkezett felhaszn\u00e1l\u00f3k sz\u00e1m\u00e1ra el\u00e9rhet\u0151. K\u00e9rj\u00fck jelentkezz be a jobb fels\u0151 sarokban tal\u00e1lhat\u00f3 gombra kattintva, majd t\u00e9rj vissza erre az oldalra.<\/p>\t\t\t\t<\/div>\n\t\t\t\t<\/div>\n\t\t\t\t\t<\/div>\n\t\t<\/div>\n\t\t\t\t\t<\/div>\n\t\t<\/section>\n\t\t\t\t<\/div>","protected":false},"excerpt":{"rendered":"<p>A tartalom csak bejelentkezett felhaszn\u00e1l\u00f3k sz\u00e1m\u00e1ra el\u00e9rhet\u0151. K\u00e9rj\u00fck jelentkezz be a jobb fels\u0151 sarokban tal\u00e1lhat\u00f3 gombra kattintva, majd t\u00e9rj vissza erre az oldalra. [gravityform id=&#8221;3&#8243; title=&#8221;true&#8221;]<\/p>\n","protected":false},"author":2,"featured_media":0,"parent":0,"menu_order":0,"comment_status":"closed","ping_status":"closed","template":"","meta":{"_gspb_post_css":"","footnotes":""},"class_list":["post-3056","page","type-page","status-publish","hentry"],"_links":{"self":[{"href":"https:\/\/simpletax.hu\/en\/wp-json\/wp\/v2\/pages\/3056","targetHints":{"allow":["GET"]}}],"collection":[{"href":"https:\/\/simpletax.hu\/en\/wp-json\/wp\/v2\/pages"}],"about":[{"href":"https:\/\/simpletax.hu\/en\/wp-json\/wp\/v2\/types\/page"}],"author":[{"embeddable":true,"href":"https:\/\/simpletax.hu\/en\/wp-json\/wp\/v2\/users\/2"}],"replies":[{"embeddable":true,"href":"https:\/\/simpletax.hu\/en\/wp-json\/wp\/v2\/comments?post=3056"}],"version-history":[{"count":7,"href":"https:\/\/simpletax.hu\/en\/wp-json\/wp\/v2\/pages\/3056\/revisions"}],"predecessor-version":[{"id":3085,"href":"https:\/\/simpletax.hu\/en\/wp-json\/wp\/v2\/pages\/3056\/revisions\/3085"}],"wp:attachment":[{"href":"https:\/\/simpletax.hu\/en\/wp-json\/wp\/v2\/media?parent=3056"}],"curies":[{"name":"wp","href":"https:\/\/api.w.org\/{rel}","templated":true}]}}