{"id":2791,"date":"2022-11-22T18:42:02","date_gmt":"2022-11-22T18:42:02","guid":{"rendered":"http:\/\/simpletax.hu\/?page_id=2791"},"modified":"2025-01-01T11:23:47","modified_gmt":"2025-01-01T11:23:47","slug":"vallalkozasinditas","status":"publish","type":"page","link":"https:\/\/simpletax.hu\/en\/vallalkozasinditas\/","title":{"rendered":"Starting a sole entrepreneurship"},"content":{"rendered":"<div data-elementor-type=\"wp-page\" data-elementor-id=\"2791\" class=\"elementor elementor-2791\" data-elementor-post-type=\"page\">\n\t\t\t\t\t\t<section class=\"ob-is-breaking-bad elementor-section elementor-top-section elementor-element elementor-element-718a5d8 animated-slow elementor-section-boxed elementor-section-height-default elementor-section-height-default\" data-id=\"718a5d8\" data-element_type=\"section\" data-e-type=\"section\" data-settings=\"{&quot;jet_parallax_layout_list&quot;:[],&quot;background_background&quot;:&quot;classic&quot;,&quot;animation&quot;:&quot;none&quot;,&quot;_ob_bbad_use_it&quot;:&quot;yes&quot;,&quot;_ob_bbad_sssic_use&quot;:&quot;no&quot;,&quot;_ob_glider_is_slider&quot;:&quot;no&quot;}\">\n\t\t\t\t\t\t<div class=\"elementor-container elementor-column-gap-default\">\n\t\t\t\t\t<div class=\"elementor-column elementor-col-50 elementor-top-column elementor-element elementor-element-2f9fe28\" data-id=\"2f9fe28\" data-element_type=\"column\" data-e-type=\"column\" data-settings=\"{&quot;_ob_bbad_is_stalker&quot;:&quot;no&quot;,&quot;_ob_teleporter_use&quot;:false,&quot;_ob_column_hoveranimator&quot;:&quot;no&quot;,&quot;_ob_column_has_pseudo&quot;:&quot;no&quot;}\">\n\t\t\t<div class=\"elementor-widget-wrap elementor-element-populated\">\n\t\t\t\t\t\t<div class=\"elementor-element elementor-element-9d8a495 ob-harakiri-inherit ob-has-background-overlay elementor-widget elementor-widget-heading\" data-id=\"9d8a495\" data-element_type=\"widget\" data-e-type=\"widget\" data-settings=\"{&quot;_ob_use_harakiri&quot;:&quot;yes&quot;,&quot;_ob_harakiri_writing_mode&quot;:&quot;inherit&quot;,&quot;_ob_harakiri_text_clip&quot;:&quot;none&quot;,&quot;_ob_perspektive_use&quot;:&quot;no&quot;,&quot;_ob_poopart_use&quot;:&quot;yes&quot;,&quot;_ob_shadough_use&quot;:&quot;no&quot;,&quot;_ob_allow_hoveranimator&quot;:&quot;no&quot;,&quot;_ob_widget_stalker_use&quot;:&quot;no&quot;}\" data-widget_type=\"heading.default\">\n\t\t\t\t<div class=\"elementor-widget-container\">\n\t\t\t\t\t<h1 class=\"elementor-heading-title elementor-size-default\">Starting a flat-rate sole entrepreneurship<\/h1>\t\t\t\t<\/div>\n\t\t\t\t<\/div>\n\t\t\t\t<div class=\"elementor-element elementor-element-c9032d3 ob-harakiri-inherit ob-has-background-overlay elementor-widget elementor-widget-text-editor\" data-id=\"c9032d3\" data-element_type=\"widget\" data-e-type=\"widget\" data-settings=\"{&quot;_ob_use_harakiri&quot;:&quot;yes&quot;,&quot;_ob_harakiri_writing_mode&quot;:&quot;inherit&quot;,&quot;_ob_postman_use&quot;:&quot;no&quot;,&quot;_ob_perspektive_use&quot;:&quot;no&quot;,&quot;_ob_poopart_use&quot;:&quot;yes&quot;,&quot;_ob_shadough_use&quot;:&quot;no&quot;,&quot;_ob_allow_hoveranimator&quot;:&quot;no&quot;,&quot;_ob_widget_stalker_use&quot;:&quot;no&quot;}\" data-widget_type=\"text-editor.default\">\n\t\t\t\t<div class=\"elementor-widget-container\">\n\t\t\t\t\t\t\t\t\t<p>From now on SimpleTax offers a service for starting a flat-rate self-employment for a one-time fee of HUF 7795 + VAT, which can be the first step of our long-term cooperation.<\/p>\t\t\t\t\t\t\t\t<\/div>\n\t\t\t\t<\/div>\n\t\t\t\t<div class=\"elementor-element elementor-element-6717ce7 elementor-widget__width-auto elementor-mobile-align-center ob-has-background-overlay elementor-widget elementor-widget-button\" data-id=\"6717ce7\" data-element_type=\"widget\" data-e-type=\"widget\" data-settings=\"{&quot;_ob_perspektive_use&quot;:&quot;no&quot;,&quot;_ob_poopart_use&quot;:&quot;yes&quot;,&quot;_ob_shadough_use&quot;:&quot;no&quot;,&quot;_ob_allow_hoveranimator&quot;:&quot;no&quot;,&quot;_ob_widget_stalker_use&quot;:&quot;no&quot;}\" data-widget_type=\"button.default\">\n\t\t\t\t<div class=\"elementor-widget-container\">\n\t\t\t\t\t\t\t\t\t<div class=\"elementor-button-wrapper\">\n\t\t\t\t\t<a class=\"elementor-button elementor-button-link elementor-size-sm\" href=\"\/en\/vallalkozas-inditasi-urlap\/\" target=\"_blank\">\n\t\t\t\t\t\t<span class=\"elementor-button-content-wrapper\">\n\t\t\t\t\t\t\t\t\t<span class=\"elementor-button-text\">Apply<\/span>\n\t\t\t\t\t<\/span>\n\t\t\t\t\t<\/a>\n\t\t\t\t<\/div>\n\t\t\t\t\t\t\t\t<\/div>\n\t\t\t\t<\/div>\n\t\t\t\t\t<\/div>\n\t\t<\/div>\n\t\t\t\t<div class=\"elementor-column elementor-col-50 elementor-top-column elementor-element elementor-element-8d90ce0\" data-id=\"8d90ce0\" data-element_type=\"column\" data-e-type=\"column\" data-settings=\"{&quot;_ob_bbad_is_stalker&quot;:&quot;no&quot;,&quot;_ob_teleporter_use&quot;:false,&quot;_ob_column_hoveranimator&quot;:&quot;no&quot;,&quot;_ob_column_has_pseudo&quot;:&quot;no&quot;}\">\n\t\t\t<div class=\"elementor-widget-wrap elementor-element-populated\">\n\t\t\t\t\t\t<div class=\"elementor-element elementor-element-69e1b69 ob-has-background-overlay elementor-widget elementor-widget-image\" data-id=\"69e1b69\" data-element_type=\"widget\" data-e-type=\"widget\" data-settings=\"{&quot;_ob_photomorph_use&quot;:&quot;no&quot;,&quot;_ob_perspektive_use&quot;:&quot;no&quot;,&quot;_ob_poopart_use&quot;:&quot;yes&quot;,&quot;_ob_shadough_use&quot;:&quot;no&quot;,&quot;_ob_allow_hoveranimator&quot;:&quot;no&quot;,&quot;_ob_widget_stalker_use&quot;:&quot;no&quot;}\" data-widget_type=\"image.default\">\n\t\t\t\t<div class=\"elementor-widget-container\">\n\t\t\t\t\t\t\t\t\t\t\t\t\t\t\t<img fetchpriority=\"high\" decoding=\"async\" width=\"1725\" height=\"1040\" src=\"https:\/\/simpletax.hu\/wp-content\/uploads\/2022\/08\/accounting_8.png\" class=\"attachment-full size-full wp-image-938\" alt=\"\" srcset=\"https:\/\/simpletax.hu\/wp-content\/uploads\/2022\/08\/accounting_8.png 1725w, https:\/\/simpletax.hu\/wp-content\/uploads\/2022\/08\/accounting_8-300x181.png 300w, https:\/\/simpletax.hu\/wp-content\/uploads\/2022\/08\/accounting_8-1024x617.png 1024w, https:\/\/simpletax.hu\/wp-content\/uploads\/2022\/08\/accounting_8-768x463.png 768w, https:\/\/simpletax.hu\/wp-content\/uploads\/2022\/08\/accounting_8-1536x926.png 1536w, https:\/\/simpletax.hu\/wp-content\/uploads\/2022\/08\/accounting_8-600x362.png 600w\" sizes=\"(max-width: 1725px) 100vw, 1725px\" \/>\t\t\t\t\t\t\t\t\t\t\t\t\t\t\t<\/div>\n\t\t\t\t<\/div>\n\t\t\t\t\t<\/div>\n\t\t<\/div>\n\t\t\t\t\t<\/div>\n\t\t<\/section>\n\t\t\t\t<section class=\"ob-is-breaking-bad elementor-section elementor-top-section elementor-element elementor-element-406020a animated-slow elementor-section-boxed elementor-section-height-default elementor-section-height-default\" data-id=\"406020a\" data-element_type=\"section\" data-e-type=\"section\" data-settings=\"{&quot;jet_parallax_layout_list&quot;:[],&quot;animation&quot;:&quot;none&quot;,&quot;_ob_bbad_use_it&quot;:&quot;yes&quot;,&quot;_ob_bbad_sssic_use&quot;:&quot;no&quot;,&quot;_ob_glider_is_slider&quot;:&quot;no&quot;}\">\n\t\t\t\t\t\t<div class=\"elementor-container elementor-column-gap-default\">\n\t\t\t\t\t<div class=\"elementor-column elementor-col-50 elementor-top-column elementor-element elementor-element-c9b1e98\" data-id=\"c9b1e98\" data-element_type=\"column\" data-e-type=\"column\" data-settings=\"{&quot;_ob_bbad_is_stalker&quot;:&quot;no&quot;,&quot;_ob_teleporter_use&quot;:false,&quot;_ob_column_hoveranimator&quot;:&quot;no&quot;,&quot;_ob_column_has_pseudo&quot;:&quot;no&quot;}\">\n\t\t\t<div class=\"elementor-widget-wrap elementor-element-populated\">\n\t\t\t\t\t\t<div class=\"elementor-element elementor-element-93cc0bc ob-has-background-overlay elementor-widget elementor-widget-image\" data-id=\"93cc0bc\" data-element_type=\"widget\" data-e-type=\"widget\" data-settings=\"{&quot;_ob_photomorph_use&quot;:&quot;no&quot;,&quot;_ob_perspektive_use&quot;:&quot;no&quot;,&quot;_ob_poopart_use&quot;:&quot;yes&quot;,&quot;_ob_shadough_use&quot;:&quot;no&quot;,&quot;_ob_allow_hoveranimator&quot;:&quot;no&quot;,&quot;_ob_widget_stalker_use&quot;:&quot;no&quot;}\" data-widget_type=\"image.default\">\n\t\t\t\t<div class=\"elementor-widget-container\">\n\t\t\t\t\t\t\t\t\t\t\t\t\t\t\t<img decoding=\"async\" width=\"1026\" height=\"1043\" src=\"https:\/\/simpletax.hu\/wp-content\/uploads\/2022\/08\/accounting_13.png\" class=\"attachment-full size-full wp-image-1104\" alt=\"\" srcset=\"https:\/\/simpletax.hu\/wp-content\/uploads\/2022\/08\/accounting_13.png 1026w, https:\/\/simpletax.hu\/wp-content\/uploads\/2022\/08\/accounting_13-295x300.png 295w, https:\/\/simpletax.hu\/wp-content\/uploads\/2022\/08\/accounting_13-1007x1024.png 1007w, https:\/\/simpletax.hu\/wp-content\/uploads\/2022\/08\/accounting_13-768x781.png 768w, https:\/\/simpletax.hu\/wp-content\/uploads\/2022\/08\/accounting_13-600x610.png 600w\" sizes=\"(max-width: 1026px) 100vw, 1026px\" \/>\t\t\t\t\t\t\t\t\t\t\t\t\t\t\t<\/div>\n\t\t\t\t<\/div>\n\t\t\t\t\t<\/div>\n\t\t<\/div>\n\t\t\t\t<div class=\"elementor-column elementor-col-50 elementor-top-column elementor-element elementor-element-42ada18\" data-id=\"42ada18\" data-element_type=\"column\" data-e-type=\"column\" data-settings=\"{&quot;_ob_bbad_is_stalker&quot;:&quot;no&quot;,&quot;_ob_teleporter_use&quot;:false,&quot;_ob_column_hoveranimator&quot;:&quot;no&quot;,&quot;_ob_column_has_pseudo&quot;:&quot;no&quot;}\">\n\t\t\t<div class=\"elementor-widget-wrap elementor-element-populated\">\n\t\t\t\t\t\t<div class=\"elementor-element elementor-element-1389b9a ob-harakiri-inherit ob-has-background-overlay elementor-widget elementor-widget-heading\" data-id=\"1389b9a\" data-element_type=\"widget\" data-e-type=\"widget\" data-settings=\"{&quot;_ob_use_harakiri&quot;:&quot;yes&quot;,&quot;_ob_harakiri_writing_mode&quot;:&quot;inherit&quot;,&quot;_ob_harakiri_text_clip&quot;:&quot;none&quot;,&quot;_ob_perspektive_use&quot;:&quot;no&quot;,&quot;_ob_poopart_use&quot;:&quot;yes&quot;,&quot;_ob_shadough_use&quot;:&quot;no&quot;,&quot;_ob_allow_hoveranimator&quot;:&quot;no&quot;,&quot;_ob_widget_stalker_use&quot;:&quot;no&quot;}\" data-widget_type=\"heading.default\">\n\t\t\t\t<div class=\"elementor-widget-container\">\n\t\t\t\t\t<h2 class=\"elementor-heading-title elementor-size-default\">Who can opt for flat-rate taxation?<\/h2>\t\t\t\t<\/div>\n\t\t\t\t<\/div>\n\t\t\t\t<div class=\"elementor-element elementor-element-37fc16b ob-harakiri-inherit ob-has-background-overlay elementor-widget elementor-widget-text-editor\" data-id=\"37fc16b\" data-element_type=\"widget\" data-e-type=\"widget\" data-settings=\"{&quot;_ob_use_harakiri&quot;:&quot;yes&quot;,&quot;_ob_harakiri_writing_mode&quot;:&quot;inherit&quot;,&quot;_ob_postman_use&quot;:&quot;no&quot;,&quot;_ob_perspektive_use&quot;:&quot;no&quot;,&quot;_ob_poopart_use&quot;:&quot;yes&quot;,&quot;_ob_shadough_use&quot;:&quot;no&quot;,&quot;_ob_allow_hoveranimator&quot;:&quot;no&quot;,&quot;_ob_widget_stalker_use&quot;:&quot;no&quot;}\" data-widget_type=\"text-editor.default\">\n\t\t\t\t<div class=\"elementor-widget-container\">\n\t\t\t\t\t\t\t\t\t<p>As a general rule, only and exclusively self-employed persons, i.e. not companies in corporate form, e.g. Bt., Kft. In addition, even as individuals, flat-rate taxation is not an option. In any case, it is necessary that the entrepreneur is registered as a sole entrepreneur and has a tax number established by the tax authority - NTAC (NAV).<\/p>\t\t\t\t\t\t\t\t<\/div>\n\t\t\t\t<\/div>\n\t\t\t\t\t<\/div>\n\t\t<\/div>\n\t\t\t\t\t<\/div>\n\t\t<\/section>\n\t\t\t\t<section class=\"ob-is-breaking-bad elementor-section elementor-top-section elementor-element elementor-element-b8e8920 elementor-section-boxed elementor-section-height-default elementor-section-height-default\" data-id=\"b8e8920\" data-element_type=\"section\" data-e-type=\"section\" data-settings=\"{&quot;jet_parallax_layout_list&quot;:[],&quot;_ob_bbad_use_it&quot;:&quot;yes&quot;,&quot;_ob_bbad_sssic_use&quot;:&quot;no&quot;,&quot;_ob_glider_is_slider&quot;:&quot;no&quot;}\">\n\t\t\t\t\t\t<div class=\"elementor-container elementor-column-gap-default\">\n\t\t\t\t\t<div class=\"elementor-column elementor-col-50 elementor-top-column elementor-element elementor-element-e95327a\" data-id=\"e95327a\" data-element_type=\"column\" data-e-type=\"column\" data-settings=\"{&quot;_ob_bbad_is_stalker&quot;:&quot;no&quot;,&quot;_ob_teleporter_use&quot;:false,&quot;_ob_column_hoveranimator&quot;:&quot;no&quot;,&quot;_ob_column_has_pseudo&quot;:&quot;no&quot;}\">\n\t\t\t<div class=\"elementor-widget-wrap elementor-element-populated\">\n\t\t\t\t\t\t<div class=\"elementor-element elementor-element-318bbbe ob-harakiri-inherit ob-has-background-overlay elementor-widget elementor-widget-heading\" data-id=\"318bbbe\" data-element_type=\"widget\" data-e-type=\"widget\" data-settings=\"{&quot;_ob_use_harakiri&quot;:&quot;yes&quot;,&quot;_ob_harakiri_writing_mode&quot;:&quot;inherit&quot;,&quot;_ob_harakiri_text_clip&quot;:&quot;none&quot;,&quot;_ob_perspektive_use&quot;:&quot;no&quot;,&quot;_ob_poopart_use&quot;:&quot;yes&quot;,&quot;_ob_shadough_use&quot;:&quot;no&quot;,&quot;_ob_allow_hoveranimator&quot;:&quot;no&quot;,&quot;_ob_widget_stalker_use&quot;:&quot;no&quot;}\" data-widget_type=\"heading.default\">\n\t\t\t\t<div class=\"elementor-widget-container\">\n\t\t\t\t\t<h2 class=\"elementor-heading-title elementor-size-default\">Is there any limit to the choice of flat-rate taxation?<\/h2>\t\t\t\t<\/div>\n\t\t\t\t<\/div>\n\t\t\t\t<div class=\"elementor-element elementor-element-839d26b ob-harakiri-inherit ob-has-background-overlay elementor-widget elementor-widget-text-editor\" data-id=\"839d26b\" data-element_type=\"widget\" data-e-type=\"widget\" data-settings=\"{&quot;_ob_use_harakiri&quot;:&quot;yes&quot;,&quot;_ob_harakiri_writing_mode&quot;:&quot;inherit&quot;,&quot;_ob_postman_use&quot;:&quot;no&quot;,&quot;_ob_perspektive_use&quot;:&quot;no&quot;,&quot;_ob_poopart_use&quot;:&quot;yes&quot;,&quot;_ob_shadough_use&quot;:&quot;no&quot;,&quot;_ob_allow_hoveranimator&quot;:&quot;no&quot;,&quot;_ob_widget_stalker_use&quot;:&quot;no&quot;}\" data-widget_type=\"text-editor.default\">\n\t\t\t\t<div class=\"elementor-widget-container\">\n\t\t\t\t\t\t\t\t\t<p>Igen. Amennyiben nem \u00e9v k\u00f6zben v\u00e1lasztja az \u00e1tal\u00e1nyad\u00f3z\u00e1st a v\u00e1llalkoz\u00f3, hanem a teljes ad\u00f3\u00e9vre vonatkoz\u00f3an, \u00fagy az el\u0151z\u0151 \u00e9vi bev\u00e9tel nem haladhatja meg az el\u0151z\u0151 \u00e9ves minim\u00e1lb\u00e9r t\u00edzszeres\u00e9t (26 680 000 Ft), illetve csak \u00e9s kiz\u00e1r\u00f3lag kiskereskedelmi tev\u00e9kenys\u00e9get folytat\u00f3 v\u00e1llalkoz\u00f3 eset\u00e9ben az el\u0151z\u0151 \u00e9ves minim\u00e1lb\u00e9r \u00f6tvenszeres\u00e9t (100 440 000 Ft).<\/p>\n<p>Emellett az aktu\u00e1lis ad\u00f3\u00e9vre vonatkoz\u00f3an, amennyiben nem \u00e9v k\u00f6zben kezdi meg a tev\u00e9kenys\u00e9get a v\u00e1llalkoz\u00f3, a bev\u00e9tel nem haladhatja meg a &nbsp;34 896 000 Ft-ot, illetve csak \u00e9s kiz\u00e1r\u00f3lag kiskereskedelmi tev\u00e9kenys\u00e9get folytat\u00f3 v\u00e1llalkoz\u00f3 eset\u00e9ben a 133 400 000 Ft-ot.<\/p>\t\t\t\t\t\t\t\t<\/div>\n\t\t\t\t<\/div>\n\t\t\t\t\t<\/div>\n\t\t<\/div>\n\t\t\t\t<div class=\"elementor-column elementor-col-50 elementor-top-column elementor-element elementor-element-56c3049\" data-id=\"56c3049\" data-element_type=\"column\" data-e-type=\"column\" data-settings=\"{&quot;_ob_bbad_is_stalker&quot;:&quot;no&quot;,&quot;_ob_teleporter_use&quot;:false,&quot;_ob_column_hoveranimator&quot;:&quot;no&quot;,&quot;_ob_column_has_pseudo&quot;:&quot;no&quot;}\">\n\t\t\t<div class=\"elementor-widget-wrap elementor-element-populated\">\n\t\t\t\t\t\t<div class=\"elementor-element elementor-element-b863a12 ob-has-background-overlay elementor-widget elementor-widget-image\" data-id=\"b863a12\" data-element_type=\"widget\" data-e-type=\"widget\" data-settings=\"{&quot;_ob_photomorph_use&quot;:&quot;no&quot;,&quot;_ob_perspektive_use&quot;:&quot;no&quot;,&quot;_ob_poopart_use&quot;:&quot;yes&quot;,&quot;_ob_shadough_use&quot;:&quot;no&quot;,&quot;_ob_allow_hoveranimator&quot;:&quot;no&quot;,&quot;_ob_widget_stalker_use&quot;:&quot;no&quot;}\" data-widget_type=\"image.default\">\n\t\t\t\t<div class=\"elementor-widget-container\">\n\t\t\t\t\t\t\t\t\t\t\t\t\t\t\t<img decoding=\"async\" width=\"1888\" height=\"992\" src=\"https:\/\/simpletax.hu\/wp-content\/uploads\/2022\/08\/accounting_6.png\" class=\"attachment-full size-full wp-image-883\" alt=\"\" srcset=\"https:\/\/simpletax.hu\/wp-content\/uploads\/2022\/08\/accounting_6.png 1888w, https:\/\/simpletax.hu\/wp-content\/uploads\/2022\/08\/accounting_6-300x158.png 300w, https:\/\/simpletax.hu\/wp-content\/uploads\/2022\/08\/accounting_6-1024x538.png 1024w, https:\/\/simpletax.hu\/wp-content\/uploads\/2022\/08\/accounting_6-768x404.png 768w, https:\/\/simpletax.hu\/wp-content\/uploads\/2022\/08\/accounting_6-1536x807.png 1536w, https:\/\/simpletax.hu\/wp-content\/uploads\/2022\/08\/accounting_6-600x315.png 600w\" sizes=\"(max-width: 1888px) 100vw, 1888px\" \/>\t\t\t\t\t\t\t\t\t\t\t\t\t\t\t<\/div>\n\t\t\t\t<\/div>\n\t\t\t\t\t<\/div>\n\t\t<\/div>\n\t\t\t\t\t<\/div>\n\t\t<\/section>\n\t\t\t\t<section class=\"ob-is-breaking-bad elementor-section elementor-top-section elementor-element elementor-element-1c438cc elementor-section-boxed elementor-section-height-default elementor-section-height-default\" data-id=\"1c438cc\" data-element_type=\"section\" data-e-type=\"section\" data-settings=\"{&quot;jet_parallax_layout_list&quot;:[],&quot;_ob_bbad_use_it&quot;:&quot;yes&quot;,&quot;_ob_bbad_sssic_use&quot;:&quot;no&quot;,&quot;_ob_glider_is_slider&quot;:&quot;no&quot;}\">\n\t\t\t\t\t\t<div class=\"elementor-container elementor-column-gap-default\">\n\t\t\t\t\t<div class=\"elementor-column elementor-col-50 elementor-top-column elementor-element elementor-element-9f51260\" data-id=\"9f51260\" data-element_type=\"column\" data-e-type=\"column\" data-settings=\"{&quot;_ob_bbad_is_stalker&quot;:&quot;no&quot;,&quot;_ob_teleporter_use&quot;:false,&quot;_ob_column_hoveranimator&quot;:&quot;no&quot;,&quot;_ob_column_has_pseudo&quot;:&quot;no&quot;}\">\n\t\t\t<div class=\"elementor-widget-wrap elementor-element-populated\">\n\t\t\t\t\t\t<div class=\"elementor-element elementor-element-26ee236 ob-harakiri-inherit ob-has-background-overlay elementor-widget elementor-widget-heading\" data-id=\"26ee236\" data-element_type=\"widget\" data-e-type=\"widget\" data-settings=\"{&quot;_ob_use_harakiri&quot;:&quot;yes&quot;,&quot;_ob_harakiri_writing_mode&quot;:&quot;inherit&quot;,&quot;_ob_harakiri_text_clip&quot;:&quot;none&quot;,&quot;_ob_perspektive_use&quot;:&quot;no&quot;,&quot;_ob_poopart_use&quot;:&quot;yes&quot;,&quot;_ob_shadough_use&quot;:&quot;no&quot;,&quot;_ob_allow_hoveranimator&quot;:&quot;no&quot;,&quot;_ob_widget_stalker_use&quot;:&quot;no&quot;}\" data-widget_type=\"heading.default\">\n\t\t\t\t<div class=\"elementor-widget-container\">\n\t\t\t\t\t<h2 class=\"elementor-heading-title elementor-size-default\">What is the process of starting a sole entrepreneurship?<\/h2>\t\t\t\t<\/div>\n\t\t\t\t<\/div>\n\t\t\t\t<div class=\"elementor-element elementor-element-06dec95 ob-harakiri-inherit ob-has-background-overlay elementor-widget elementor-widget-text-editor\" data-id=\"06dec95\" data-element_type=\"widget\" data-e-type=\"widget\" data-settings=\"{&quot;_ob_use_harakiri&quot;:&quot;yes&quot;,&quot;_ob_harakiri_writing_mode&quot;:&quot;inherit&quot;,&quot;_ob_postman_use&quot;:&quot;no&quot;,&quot;_ob_perspektive_use&quot;:&quot;no&quot;,&quot;_ob_poopart_use&quot;:&quot;yes&quot;,&quot;_ob_shadough_use&quot;:&quot;no&quot;,&quot;_ob_allow_hoveranimator&quot;:&quot;no&quot;,&quot;_ob_widget_stalker_use&quot;:&quot;no&quot;}\" data-widget_type=\"text-editor.default\">\n\t\t\t\t<div class=\"elementor-widget-container\">\n\t\t\t\t\t\t\t\t\t<p>If you have decided to become self-employed, all you have to do is:<\/p><ol><li class=\"translation-block\">Fill out our <a href=\"\/en\/starting-a-sole-entrepreneurship\/\" target=\"_blank\" rel=\"noopener\">business start up form<\/a> to let us know your intentions and share the most important basic information we will need to get you started, the first and most important of which is the existing Client Portal (\u00dcgyf\u00e9lkapu) registration.<\/li><li>Once we've confirmed your request and agreed all the details, we'll launch your business on the day you want*, which involves the following steps:<ol><li>We register you as a flat-rate self-employed<\/li><li>We will register your start-up with the Chamber of Commerce and Industry**<\/li><li>We register your establishment with the municipality where your headquarter is located<\/li><\/ol><\/li><li>We'll let you know what to do next and how to start your business.<\/li><li>We will send you the accounting contract, which you can sign to start working together.***<\/li><\/ol><p>* Starting your business on the same day, on weekends and holidays costs gr. 14 990 HUF.<\/p><p>** The registration fee is 5000 HUF, payable to the Chamber of Commerce and Industry.<\/p><p>*** Starting a business requires long-term cooperation in the future.<\/p>\t\t\t\t\t\t\t\t<\/div>\n\t\t\t\t<\/div>\n\t\t\t\t<div class=\"elementor-element elementor-element-b185e4d elementor-widget__width-auto elementor-mobile-align-center ob-has-background-overlay elementor-widget elementor-widget-button\" data-id=\"b185e4d\" data-element_type=\"widget\" data-e-type=\"widget\" data-settings=\"{&quot;_ob_butterbutton_use_it&quot;:&quot;no&quot;,&quot;_ob_perspektive_use&quot;:&quot;no&quot;,&quot;_ob_poopart_use&quot;:&quot;yes&quot;,&quot;_ob_shadough_use&quot;:&quot;no&quot;,&quot;_ob_allow_hoveranimator&quot;:&quot;no&quot;,&quot;_ob_widget_stalker_use&quot;:&quot;no&quot;}\" data-widget_type=\"button.default\">\n\t\t\t\t<div class=\"elementor-widget-container\">\n\t\t\t\t\t\t\t\t\t<div class=\"elementor-button-wrapper\">\n\t\t\t\t\t<a class=\"elementor-button elementor-button-link elementor-size-sm\" href=\"\/en\/vallalkozas-inditasi-urlap\/\" target=\"_blank\">\n\t\t\t\t\t\t<span class=\"elementor-button-content-wrapper\">\n\t\t\t\t\t\t\t\t\t<span class=\"elementor-button-text\">Let's start my business<\/span>\n\t\t\t\t\t<\/span>\n\t\t\t\t\t<\/a>\n\t\t\t\t<\/div>\n\t\t\t\t\t\t\t\t<\/div>\n\t\t\t\t<\/div>\n\t\t\t\t\t<\/div>\n\t\t<\/div>\n\t\t\t\t<div class=\"elementor-column elementor-col-50 elementor-top-column elementor-element elementor-element-69b9c62\" data-id=\"69b9c62\" data-element_type=\"column\" data-e-type=\"column\" data-settings=\"{&quot;_ob_bbad_is_stalker&quot;:&quot;no&quot;,&quot;_ob_teleporter_use&quot;:false,&quot;_ob_column_hoveranimator&quot;:&quot;no&quot;,&quot;_ob_column_has_pseudo&quot;:&quot;no&quot;}\">\n\t\t\t<div class=\"elementor-widget-wrap elementor-element-populated\">\n\t\t\t\t\t\t<div class=\"elementor-element elementor-element-865a004 ob-has-background-overlay elementor-widget elementor-widget-image\" data-id=\"865a004\" data-element_type=\"widget\" data-e-type=\"widget\" data-settings=\"{&quot;_ob_photomorph_use&quot;:&quot;no&quot;,&quot;_ob_perspektive_use&quot;:&quot;no&quot;,&quot;_ob_poopart_use&quot;:&quot;yes&quot;,&quot;_ob_shadough_use&quot;:&quot;no&quot;,&quot;_ob_allow_hoveranimator&quot;:&quot;no&quot;,&quot;_ob_widget_stalker_use&quot;:&quot;no&quot;}\" data-widget_type=\"image.default\">\n\t\t\t\t<div class=\"elementor-widget-container\">\n\t\t\t\t\t\t\t\t\t\t\t\t\t\t\t<img loading=\"lazy\" decoding=\"async\" width=\"800\" height=\"800\" src=\"https:\/\/simpletax.hu\/wp-content\/uploads\/2022\/08\/accounting_20-1024x1024.png\" class=\"attachment-large size-large wp-image-1407\" alt=\"\" srcset=\"https:\/\/simpletax.hu\/wp-content\/uploads\/2022\/08\/accounting_20-1024x1024.png 1024w, https:\/\/simpletax.hu\/wp-content\/uploads\/2022\/08\/accounting_20-300x300.png 300w, https:\/\/simpletax.hu\/wp-content\/uploads\/2022\/08\/accounting_20-150x150.png 150w, https:\/\/simpletax.hu\/wp-content\/uploads\/2022\/08\/accounting_20-768x769.png 768w, https:\/\/simpletax.hu\/wp-content\/uploads\/2022\/08\/accounting_20-600x601.png 600w, https:\/\/simpletax.hu\/wp-content\/uploads\/2022\/08\/accounting_20-100x100.png 100w, https:\/\/simpletax.hu\/wp-content\/uploads\/2022\/08\/accounting_20.png 1039w\" sizes=\"(max-width: 800px) 100vw, 800px\" \/>\t\t\t\t\t\t\t\t\t\t\t\t\t\t\t<\/div>\n\t\t\t\t<\/div>\n\t\t\t\t\t<\/div>\n\t\t<\/div>\n\t\t\t\t\t<\/div>\n\t\t<\/section>\n\t\t\t\t<\/div>","protected":false},"excerpt":{"rendered":"<p>\u00c1tal\u00e1nyad\u00f3z\u00f3 egy\u00e9ni v\u00e1llalkoz\u00e1s ind\u00edt\u00e1sa A SimpleTax szolg\u00e1ltat\u00e1sainak keret\u00e9n bel\u00fcl m\u00e1r el\u00e9rhet\u0151 az \u00e1tal\u00e1nyad\u00f3z\u00f3 egy\u00e9ni v\u00e1llalkoz\u00e1sok elind\u00edt\u00e1s\u00e1nak lehet\u0151s\u00e9ge is, mind\u00f6ssze egyszeri 7795 Ft + \u00c1FA d\u00edj ellen\u00e9ben, mely hossz\u00fa t\u00e1v\u00fa egy\u00fcttm\u0171k\u00f6d\u00e9s\u00fcnk els\u0151 l\u00e9p\u00e9se lehet. \u00c9rdekel Ki v\u00e1laszhatja az \u00e1tal\u00e1nyad\u00f3z\u00e1st? F\u0151szab\u00e1lyk\u00e9nt csak \u00e9s kiz\u00e1r\u00f3lag egy\u00e9ni v\u00e1llalkoz\u00f3k, teh\u00e1t t\u00e1rsas\u00e1gi form\u00e1ban m\u0171k\u00f6d\u0151 v\u00e1llalkoz\u00e1sok, pl. Bt., Kft. nem. Emellett mag\u00e1nszem\u00e9lyk\u00e9nt [&hellip;]<\/p>\n","protected":false},"author":3,"featured_media":0,"parent":0,"menu_order":0,"comment_status":"closed","ping_status":"closed","template":"","meta":{"_gspb_post_css":"","footnotes":""},"class_list":["post-2791","page","type-page","status-publish","hentry"],"_links":{"self":[{"href":"https:\/\/simpletax.hu\/en\/wp-json\/wp\/v2\/pages\/2791","targetHints":{"allow":["GET"]}}],"collection":[{"href":"https:\/\/simpletax.hu\/en\/wp-json\/wp\/v2\/pages"}],"about":[{"href":"https:\/\/simpletax.hu\/en\/wp-json\/wp\/v2\/types\/page"}],"author":[{"embeddable":true,"href":"https:\/\/simpletax.hu\/en\/wp-json\/wp\/v2\/users\/3"}],"replies":[{"embeddable":true,"href":"https:\/\/simpletax.hu\/en\/wp-json\/wp\/v2\/comments?post=2791"}],"version-history":[{"count":34,"href":"https:\/\/simpletax.hu\/en\/wp-json\/wp\/v2\/pages\/2791\/revisions"}],"predecessor-version":[{"id":10809,"href":"https:\/\/simpletax.hu\/en\/wp-json\/wp\/v2\/pages\/2791\/revisions\/10809"}],"wp:attachment":[{"href":"https:\/\/simpletax.hu\/en\/wp-json\/wp\/v2\/media?parent=2791"}],"curies":[{"name":"wp","href":"https:\/\/api.w.org\/{rel}","templated":true}]}}