{"id":1960,"date":"2022-08-26T11:58:42","date_gmt":"2022-08-26T11:58:42","guid":{"rendered":"http:\/\/simpletax.hu\/?page_id=1960"},"modified":"2022-08-26T12:20:00","modified_gmt":"2022-08-26T12:20:00","slug":"blog","status":"publish","type":"page","link":"https:\/\/simpletax.hu\/en\/blog\/","title":{"rendered":"Blog"},"content":{"rendered":"<div data-elementor-type=\"wp-page\" data-elementor-id=\"1960\" class=\"elementor elementor-1960\" data-elementor-post-type=\"page\">\n\t\t\t\t\t\t<section class=\"ob-is-breaking-bad elementor-section elementor-top-section elementor-element elementor-element-b6440b8 elementor-section-boxed elementor-section-height-default elementor-section-height-default\" data-id=\"b6440b8\" data-element_type=\"section\" data-settings=\"{&quot;jet_parallax_layout_list&quot;:[],&quot;_ob_bbad_use_it&quot;:&quot;yes&quot;,&quot;_ob_bbad_sssic_use&quot;:&quot;no&quot;,&quot;_ob_glider_is_slider&quot;:&quot;no&quot;}\">\n\t\t\t\t\t\t<div class=\"elementor-container elementor-column-gap-default\">\n\t\t\t\t\t<div class=\"elementor-column elementor-col-100 elementor-top-column elementor-element elementor-element-aef0775\" data-id=\"aef0775\" data-element_type=\"column\" data-settings=\"{&quot;_ob_bbad_is_stalker&quot;:&quot;no&quot;,&quot;_ob_teleporter_use&quot;:false,&quot;_ob_column_hoveranimator&quot;:&quot;no&quot;,&quot;_ob_column_has_pseudo&quot;:&quot;no&quot;}\">\n\t\t\t<div class=\"elementor-widget-wrap elementor-element-populated\">\n\t\t\t\t\t\t<div class=\"elementor-element elementor-element-2ad8f98 ob-has-background-overlay elementor-widget elementor-widget-image\" data-id=\"2ad8f98\" data-element_type=\"widget\" data-settings=\"{&quot;_ob_photomorph_use&quot;:&quot;no&quot;,&quot;_ob_perspektive_use&quot;:&quot;no&quot;,&quot;_ob_poopart_use&quot;:&quot;yes&quot;,&quot;_ob_shadough_use&quot;:&quot;no&quot;,&quot;_ob_allow_hoveranimator&quot;:&quot;no&quot;,&quot;_ob_widget_stalker_use&quot;:&quot;no&quot;}\" data-widget_type=\"image.default\">\n\t\t\t\t<div class=\"elementor-widget-container\">\n\t\t\t\t\t\t\t\t\t\t\t\t\t\t\t<img fetchpriority=\"high\" decoding=\"async\" width=\"2560\" height=\"392\" src=\"https:\/\/simpletax.hu\/wp-content\/uploads\/2022\/08\/simple_blog.png\" class=\"attachment-full size-full wp-image-1981\" alt=\"\" srcset=\"https:\/\/simpletax.hu\/wp-content\/uploads\/2022\/08\/simple_blog.png 2560w, https:\/\/simpletax.hu\/wp-content\/uploads\/2022\/08\/simple_blog-300x46.png 300w, https:\/\/simpletax.hu\/wp-content\/uploads\/2022\/08\/simple_blog-1024x157.png 1024w, https:\/\/simpletax.hu\/wp-content\/uploads\/2022\/08\/simple_blog-768x118.png 768w, https:\/\/simpletax.hu\/wp-content\/uploads\/2022\/08\/simple_blog-1536x235.png 1536w, https:\/\/simpletax.hu\/wp-content\/uploads\/2022\/08\/simple_blog-2048x314.png 2048w, https:\/\/simpletax.hu\/wp-content\/uploads\/2022\/08\/simple_blog-600x92.png 600w\" sizes=\"(max-width: 2560px) 100vw, 2560px\" \/>\t\t\t\t\t\t\t\t\t\t\t\t\t\t\t<\/div>\n\t\t\t\t<\/div>\n\t\t\t\t<div class=\"elementor-element elementor-element-b9138c6 elementor-grid-3 elementor-grid-tablet-2 elementor-grid-mobile-1 elementor-posts--thumbnail-top elementor-card-shadow-yes elementor-posts__hover-gradient ob-has-background-overlay elementor-widget elementor-widget-posts\" data-id=\"b9138c6\" data-element_type=\"widget\" data-settings=\"{&quot;cards_columns&quot;:&quot;3&quot;,&quot;cards_columns_tablet&quot;:&quot;2&quot;,&quot;cards_columns_mobile&quot;:&quot;1&quot;,&quot;cards_row_gap&quot;:{&quot;unit&quot;:&quot;px&quot;,&quot;size&quot;:35,&quot;sizes&quot;:[]},&quot;cards_row_gap_tablet&quot;:{&quot;unit&quot;:&quot;px&quot;,&quot;size&quot;:&quot;&quot;,&quot;sizes&quot;:[]},&quot;cards_row_gap_mobile&quot;:{&quot;unit&quot;:&quot;px&quot;,&quot;size&quot;:&quot;&quot;,&quot;sizes&quot;:[]},&quot;_ob_perspektive_use&quot;:&quot;no&quot;,&quot;_ob_poopart_use&quot;:&quot;yes&quot;,&quot;_ob_shadough_use&quot;:&quot;no&quot;,&quot;_ob_allow_hoveranimator&quot;:&quot;no&quot;,&quot;_ob_widget_stalker_use&quot;:&quot;no&quot;}\" data-widget_type=\"posts.cards\">\n\t\t\t\t<div class=\"elementor-widget-container\">\n\t\t\t\t\t\t\t<div class=\"elementor-posts-container elementor-posts elementor-posts--skin-cards elementor-grid\" role=\"list\">\n\t\t\t\t<article class=\"elementor-post elementor-grid-item post-3689 post type-post status-publish format-standard has-post-thumbnail hentry category-uncategorized\" role=\"listitem\">\n\t\t\t<div class=\"elementor-post__card\">\n\t\t\t\t<a class=\"elementor-post__thumbnail__link\" href=\"https:\/\/simpletax.hu\/en\/mi-valtozik-az-atalanyadozasban-2024-ben\/\" tabindex=\"-1\" ><div class=\"elementor-post__thumbnail\"><img decoding=\"async\" width=\"1884\" height=\"1060\" src=\"https:\/\/simpletax.hu\/wp-content\/uploads\/2023\/12\/2024.png\" class=\"attachment-full size-full wp-image-3713\" alt=\"\" srcset=\"https:\/\/simpletax.hu\/wp-content\/uploads\/2023\/12\/2024.png 1884w, https:\/\/simpletax.hu\/wp-content\/uploads\/2023\/12\/2024-300x169.png 300w, https:\/\/simpletax.hu\/wp-content\/uploads\/2023\/12\/2024-1024x576.png 1024w, https:\/\/simpletax.hu\/wp-content\/uploads\/2023\/12\/2024-768x432.png 768w, https:\/\/simpletax.hu\/wp-content\/uploads\/2023\/12\/2024-1536x864.png 1536w, https:\/\/simpletax.hu\/wp-content\/uploads\/2023\/12\/2024-18x10.png 18w, https:\/\/simpletax.hu\/wp-content\/uploads\/2023\/12\/2024-600x338.png 600w\" sizes=\"(max-width: 1884px) 100vw, 1884px\" \/><\/div><\/a>\n\t\t\t\t<div class=\"elementor-post__text\">\n\t\t\t\t<h3 class=\"elementor-post__title\">\n\t\t\t<a href=\"https:\/\/simpletax.hu\/en\/mi-valtozik-az-atalanyadozasban-2024-ben\/\" >\n\t\t\t\tWhat will change in flat-rate taxation in 2024?\t\t\t<\/a>\n\t\t<\/h3>\n\t\t\t\t<\/div>\n\t\t\t\t\t<\/div>\n\t\t<\/article>\n\t\t\t\t<article class=\"elementor-post elementor-grid-item post-3665 post type-post status-publish format-standard has-post-thumbnail hentry category-uncategorized\" role=\"listitem\">\n\t\t\t<div class=\"elementor-post__card\">\n\t\t\t\t<a class=\"elementor-post__thumbnail__link\" href=\"https:\/\/simpletax.hu\/en\/dontott-a-kuria-a-foodora-es-wolt-futarok-foglalkoztatasarol\/\" tabindex=\"-1\" ><div class=\"elementor-post__thumbnail\"><img decoding=\"async\" width=\"1884\" height=\"1060\" src=\"https:\/\/simpletax.hu\/wp-content\/uploads\/2023\/12\/legal-statement-court-notice-judge-decision-judicial-system-lawyer-attorney-studying-papers-cartoon-character_335657-1598.png\" class=\"attachment-full size-full wp-image-3674\" alt=\"\" srcset=\"https:\/\/simpletax.hu\/wp-content\/uploads\/2023\/12\/legal-statement-court-notice-judge-decision-judicial-system-lawyer-attorney-studying-papers-cartoon-character_335657-1598.png 1884w, https:\/\/simpletax.hu\/wp-content\/uploads\/2023\/12\/legal-statement-court-notice-judge-decision-judicial-system-lawyer-attorney-studying-papers-cartoon-character_335657-1598-300x169.png 300w, https:\/\/simpletax.hu\/wp-content\/uploads\/2023\/12\/legal-statement-court-notice-judge-decision-judicial-system-lawyer-attorney-studying-papers-cartoon-character_335657-1598-1024x576.png 1024w, https:\/\/simpletax.hu\/wp-content\/uploads\/2023\/12\/legal-statement-court-notice-judge-decision-judicial-system-lawyer-attorney-studying-papers-cartoon-character_335657-1598-768x432.png 768w, https:\/\/simpletax.hu\/wp-content\/uploads\/2023\/12\/legal-statement-court-notice-judge-decision-judicial-system-lawyer-attorney-studying-papers-cartoon-character_335657-1598-1536x864.png 1536w, https:\/\/simpletax.hu\/wp-content\/uploads\/2023\/12\/legal-statement-court-notice-judge-decision-judicial-system-lawyer-attorney-studying-papers-cartoon-character_335657-1598-18x10.png 18w, https:\/\/simpletax.hu\/wp-content\/uploads\/2023\/12\/legal-statement-court-notice-judge-decision-judicial-system-lawyer-attorney-studying-papers-cartoon-character_335657-1598-600x338.png 600w\" sizes=\"(max-width: 1884px) 100vw, 1884px\" \/><\/div><\/a>\n\t\t\t\t<div class=\"elementor-post__text\">\n\t\t\t\t<h3 class=\"elementor-post__title\">\n\t\t\t<a href=\"https:\/\/simpletax.hu\/en\/dontott-a-kuria-a-foodora-es-wolt-futarok-foglalkoztatasarol\/\" >\n\t\t\t\tD\u00f6nt\u00f6tt a K\u00faria a Foodora \u00e9s Wolt fut\u00e1rok foglalkoztat\u00e1s\u00e1r\u00f3l\t\t\t<\/a>\n\t\t<\/h3>\n\t\t\t\t<\/div>\n\t\t\t\t\t<\/div>\n\t\t<\/article>\n\t\t\t\t<article class=\"elementor-post elementor-grid-item post-2386 post type-post status-publish format-standard has-post-thumbnail hentry category-uncategorized\" role=\"listitem\">\n\t\t\t<div class=\"elementor-post__card\">\n\t\t\t\t<a class=\"elementor-post__thumbnail__link\" href=\"https:\/\/simpletax.hu\/en\/egyeni-vallalkozast-inditanal-mutatjuk-mire-figyelj\/\" tabindex=\"-1\" ><div class=\"elementor-post__thumbnail\"><img loading=\"lazy\" decoding=\"async\" width=\"2275\" height=\"1286\" src=\"https:\/\/simpletax.hu\/wp-content\/uploads\/2022\/09\/accounting_30.png\" class=\"attachment-full size-full wp-image-2389\" alt=\"\" srcset=\"https:\/\/simpletax.hu\/wp-content\/uploads\/2022\/09\/accounting_30.png 2275w, https:\/\/simpletax.hu\/wp-content\/uploads\/2022\/09\/accounting_30-300x170.png 300w, https:\/\/simpletax.hu\/wp-content\/uploads\/2022\/09\/accounting_30-1024x579.png 1024w, https:\/\/simpletax.hu\/wp-content\/uploads\/2022\/09\/accounting_30-768x434.png 768w, https:\/\/simpletax.hu\/wp-content\/uploads\/2022\/09\/accounting_30-1536x868.png 1536w, https:\/\/simpletax.hu\/wp-content\/uploads\/2022\/09\/accounting_30-2048x1158.png 2048w, https:\/\/simpletax.hu\/wp-content\/uploads\/2022\/09\/accounting_30-18x10.png 18w, https:\/\/simpletax.hu\/wp-content\/uploads\/2022\/09\/accounting_30-600x339.png 600w\" sizes=\"(max-width: 2275px) 100vw, 2275px\" \/><\/div><\/a>\n\t\t\t\t<div class=\"elementor-post__text\">\n\t\t\t\t<h3 class=\"elementor-post__title\">\n\t\t\t<a href=\"https:\/\/simpletax.hu\/en\/egyeni-vallalkozast-inditanal-mutatjuk-mire-figyelj\/\" >\n\t\t\t\tEgy\u00e9ni v\u00e1llalkoz\u00e1st ind\u00edtan\u00e1l? Mutatjuk, mire figyelj!\t\t\t<\/a>\n\t\t<\/h3>\n\t\t\t\t<\/div>\n\t\t\t\t\t<\/div>\n\t\t<\/article>\n\t\t\t\t<article class=\"elementor-post elementor-grid-item post-1957 post type-post status-publish format-standard has-post-thumbnail hentry category-uncategorized\" role=\"listitem\">\n\t\t\t<div class=\"elementor-post__card\">\n\t\t\t\t<a class=\"elementor-post__thumbnail__link\" href=\"https:\/\/simpletax.hu\/en\/tenyleg-rosszabb-az-atalanyadozas-a-kata-helyett\/\" tabindex=\"-1\" ><div class=\"elementor-post__thumbnail\"><img loading=\"lazy\" decoding=\"async\" width=\"2453\" height=\"1380\" src=\"https:\/\/simpletax.hu\/wp-content\/uploads\/2022\/08\/question.png\" class=\"attachment-full size-full wp-image-1958\" alt=\"\" srcset=\"https:\/\/simpletax.hu\/wp-content\/uploads\/2022\/08\/question.png 2453w, https:\/\/simpletax.hu\/wp-content\/uploads\/2022\/08\/question-300x169.png 300w, https:\/\/simpletax.hu\/wp-content\/uploads\/2022\/08\/question-1024x576.png 1024w, https:\/\/simpletax.hu\/wp-content\/uploads\/2022\/08\/question-768x432.png 768w, https:\/\/simpletax.hu\/wp-content\/uploads\/2022\/08\/question-1536x864.png 1536w, https:\/\/simpletax.hu\/wp-content\/uploads\/2022\/08\/question-2048x1152.png 2048w, https:\/\/simpletax.hu\/wp-content\/uploads\/2022\/08\/question-600x338.png 600w\" sizes=\"(max-width: 2453px) 100vw, 2453px\" \/><\/div><\/a>\n\t\t\t\t<div class=\"elementor-post__text\">\n\t\t\t\t<h3 class=\"elementor-post__title\">\n\t\t\t<a href=\"https:\/\/simpletax.hu\/en\/tenyleg-rosszabb-az-atalanyadozas-a-kata-helyett\/\" >\n\t\t\t\tT\u00e9nyleg rosszabb az \u00e1tal\u00e1nyad\u00f3z\u00e1s a KATA helyett?\t\t\t<\/a>\n\t\t<\/h3>\n\t\t\t\t<\/div>\n\t\t\t\t\t<\/div>\n\t\t<\/article>\n\t\t\t\t<article class=\"elementor-post elementor-grid-item post-1929 post type-post status-publish format-standard has-post-thumbnail hentry category-uncategorized\" role=\"listitem\">\n\t\t\t<div class=\"elementor-post__card\">\n\t\t\t\t<a class=\"elementor-post__thumbnail__link\" href=\"https:\/\/simpletax.hu\/en\/menetrend-a-katabol-atalanyadozasba-valo-atteresre\/\" tabindex=\"-1\" ><div class=\"elementor-post__thumbnail\"><img loading=\"lazy\" decoding=\"async\" width=\"2000\" height=\"1125\" src=\"https:\/\/simpletax.hu\/wp-content\/uploads\/2022\/08\/schedule.png\" class=\"attachment-full size-full wp-image-1940\" alt=\"\" srcset=\"https:\/\/simpletax.hu\/wp-content\/uploads\/2022\/08\/schedule.png 2000w, https:\/\/simpletax.hu\/wp-content\/uploads\/2022\/08\/schedule-300x169.png 300w, https:\/\/simpletax.hu\/wp-content\/uploads\/2022\/08\/schedule-1024x576.png 1024w, https:\/\/simpletax.hu\/wp-content\/uploads\/2022\/08\/schedule-768x432.png 768w, https:\/\/simpletax.hu\/wp-content\/uploads\/2022\/08\/schedule-1536x864.png 1536w, https:\/\/simpletax.hu\/wp-content\/uploads\/2022\/08\/schedule-600x338.png 600w\" sizes=\"(max-width: 2000px) 100vw, 2000px\" \/><\/div><\/a>\n\t\t\t\t<div class=\"elementor-post__text\">\n\t\t\t\t<h3 class=\"elementor-post__title\">\n\t\t\t<a href=\"https:\/\/simpletax.hu\/en\/menetrend-a-katabol-atalanyadozasba-valo-atteresre\/\" >\n\t\t\t\tMenetrend a kat\u00e1b\u00f3l \u00e1tal\u00e1nyad\u00f3z\u00e1sba val\u00f3 \u00e1tt\u00e9r\u00e9sre\t\t\t<\/a>\n\t\t<\/h3>\n\t\t\t\t<\/div>\n\t\t\t\t\t<\/div>\n\t\t<\/article>\n\t\t\t\t<\/div>\n\t\t\n\t\t\t\t\t\t<\/div>\n\t\t\t\t<\/div>\n\t\t\t\t\t<\/div>\n\t\t<\/div>\n\t\t\t\t\t<\/div>\n\t\t<\/section>\n\t\t\t\t<\/div>","protected":false},"excerpt":{"rendered":"","protected":false},"author":3,"featured_media":0,"parent":0,"menu_order":0,"comment_status":"closed","ping_status":"closed","template":"","meta":{"_gspb_post_css":"","footnotes":""},"class_list":["post-1960","page","type-page","status-publish","hentry"],"_links":{"self":[{"href":"https:\/\/simpletax.hu\/en\/wp-json\/wp\/v2\/pages\/1960","targetHints":{"allow":["GET"]}}],"collection":[{"href":"https:\/\/simpletax.hu\/en\/wp-json\/wp\/v2\/pages"}],"about":[{"href":"https:\/\/simpletax.hu\/en\/wp-json\/wp\/v2\/types\/page"}],"author":[{"embeddable":true,"href":"https:\/\/simpletax.hu\/en\/wp-json\/wp\/v2\/users\/3"}],"replies":[{"embeddable":true,"href":"https:\/\/simpletax.hu\/en\/wp-json\/wp\/v2\/comments?post=1960"}],"version-history":[{"count":5,"href":"https:\/\/simpletax.hu\/en\/wp-json\/wp\/v2\/pages\/1960\/revisions"}],"predecessor-version":[{"id":1987,"href":"https:\/\/simpletax.hu\/en\/wp-json\/wp\/v2\/pages\/1960\/revisions\/1987"}],"wp:attachment":[{"href":"https:\/\/simpletax.hu\/en\/wp-json\/wp\/v2\/media?parent=1960"}],"curies":[{"name":"wp","href":"https:\/\/api.w.org\/{rel}","templated":true}]}}