{"id":17701,"date":"2025-04-10T08:44:32","date_gmt":"2025-04-10T08:44:32","guid":{"rendered":"https:\/\/simpletax.hu\/?page_id=17701"},"modified":"2025-04-10T08:57:20","modified_gmt":"2025-04-10T08:57:20","slug":"leilas","status":"publish","type":"page","link":"https:\/\/simpletax.hu\/en\/leilas\/","title":{"rendered":"Leila&#8217;s new employee \/ \u00faj bel\u00e9p\u0151"},"content":{"rendered":"<div class=\"wp-block-greenshift-blocks-row gspb_row gspb_row-id-gsbp-9c0155f\" id=\"gspb_row-id-gsbp-9c0155f\"><div class=\"gspb_row__content\"> \n<div class=\"wp-block-greenshift-blocks-row-column gspb_row__col--12 gspb_col-id-gsbp-619d043\" id=\"gspb_col-id-gsbp-619d043\">\n<div class=\"wp-block-greenshift-blocks-image gspb_image gspb_image-id-gsbp-582b85a\" id=\"gspb_image-id-gsbp-582b85a\"><img loading=\"lazy\" decoding=\"async\" src=\"https:\/\/simpletax.hu\/wp-content\/uploads\/2025\/04\/logo-e1744275362122.png\" data-src=\"\" alt=\"\" width=\"536\" height=\"150\"\/><\/div>\n\n\n\n<p>Please fill the following form for a new employee. You&#8217;ll recieve an email about the sent in data.<\/p>\n\n\n\n<p>K\u00e9rj\u00fck az al\u00e1bbi \u0171rlapot t\u00f6ltsd ki az \u00faj bel\u00e9p\u0151 adataival. A bek\u00fcld\u00e9st k\u00f6vet\u0151en emailben elk\u00fcldj\u00fck az adatokat.<\/p>\n\n\n<div class='fluentform ff-default fluentform_wrapper_52 ffs_default_wrap'><form data-form_id=\"52\" id=\"fluentform_52\" class=\"frm-fluent-form fluent_form_52 ff-el-form-top ff_form_instance_52_1 ff-form-loading ffs_default\" data-form_instance=\"ff_form_instance_52_1\" method=\"POST\" action=\"\" ><fieldset  style=\"border: none!important;margin: 0!important;padding: 0!important;background-color: transparent!important;box-shadow: none!important;outline: none!important; min-inline-size: 100%;\">\n                    <legend class=\"ff_screen_reader_title\" style=\"display: block; margin: 0!important;padding: 0!important;height: 0!important;text-indent: -999999px;width: 0!important;overflow:hidden;\">Blank Form (#52)<\/legend><input type='hidden' name='__fluent_form_embded_post_id' value='17701' \/><input type=\"hidden\" id=\"_fluentform_52_fluentformnonce\" name=\"_fluentform_52_fluentformnonce\" value=\"261fa045aa\" \/><input type=\"hidden\" name=\"_wp_http_referer\" value=\"\/en\/wp-json\/wp\/v2\/pages\/17701\" \/><div data-type=\"name-element\" data-name=\"names\" class=\"ff-field_container ff-name-field-wrapper\" ><div class='ff-t-container'><div class='ff-t-cell'><div class='ff-el-group ff-el-form-top'><div class=\"ff-el-input--label ff-el-is-required asterisk-right\"><label for='ff_52_names_first_name_' id='label_ff_52_names_first_name_' >First Name \/ keresztn\u00e9v<\/label><\/div><div class='ff-el-input--content'><input type=\"text\" name=\"names[first_name]\" id=\"ff_52_names_first_name_\" class=\"ff-el-form-control\" placeholder=\"Enter Your First Name\" aria-invalid=\"false\" aria-required=\"true\"><\/div><\/div><\/div><div class='ff-t-cell'><div class='ff-el-group ff-el-form-top'><div class=\"ff-el-input--label ff-el-is-required asterisk-right\"><label for='ff_52_names_last_name_' id='label_ff_52_names_last_name_' >Last Name \/ vezet\u00e9kn\u00e9v<\/label><\/div><div class='ff-el-input--content'><input type=\"text\" name=\"names[last_name]\" id=\"ff_52_names_last_name_\" class=\"ff-el-form-control\" placeholder=\"Enter Your Last Name\" aria-invalid=\"false\" aria-required=\"true\"><\/div><\/div><\/div><\/div><\/div><div class='ff-el-group'><div class=\"ff-el-input--label ff-el-is-required asterisk-right\"><label for='ff_52_input_text' id='label_ff_52_input_text' aria-label=\"Birth Name \/ sz\u00fclet\u00e9si n\u00e9v\">Birth Name \/ sz\u00fclet\u00e9si n\u00e9v<\/label><\/div><div class='ff-el-input--content'><input type=\"text\" name=\"input_text\" class=\"ff-el-form-control\" data-name=\"input_text\" id=\"ff_52_input_text\"  aria-invalid=\"false\" aria-required=\"true\"><\/div><\/div><div class='ff-el-group'><div class=\"ff-el-input--label ff-el-is-required asterisk-right\"><label for='ff_52_input_text_1' id='label_ff_52_input_text_1' aria-label=\"Mother&#039;s Name \/ anyja neve\">Mother's Name \/ anyja neve<\/label><\/div><div class='ff-el-input--content'><input type=\"text\" name=\"input_text_1\" class=\"ff-el-form-control\" data-name=\"input_text_1\" id=\"ff_52_input_text_1\"  aria-invalid=\"false\" aria-required=\"true\"><\/div><\/div><div class='ff-el-group'><div class=\"ff-el-input--label ff-el-is-required asterisk-right\"><label for='ff_52_input_text_2' id='label_ff_52_input_text_2' aria-label=\"Birth Country \/ sz\u00fclet\u00e9si orsz\u00e1g\">Birth Country \/ sz\u00fclet\u00e9si orsz\u00e1g<\/label><\/div><div class='ff-el-input--content'><input type=\"text\" name=\"input_text_2\" class=\"ff-el-form-control\" data-name=\"input_text_2\" id=\"ff_52_input_text_2\"  aria-invalid=\"false\" aria-required=\"true\"><\/div><\/div><div class='ff-el-group'><div class=\"ff-el-input--label ff-el-is-required asterisk-right\"><label for='ff_52_input_text_3' id='label_ff_52_input_text_3' aria-label=\"Birth City \/ sz\u00fclet\u00e9si v\u00e1ros\">Birth City \/ sz\u00fclet\u00e9si v\u00e1ros<\/label><\/div><div class='ff-el-input--content'><input type=\"text\" name=\"input_text_3\" class=\"ff-el-form-control\" data-name=\"input_text_3\" id=\"ff_52_input_text_3\"  aria-invalid=\"false\" aria-required=\"true\"><\/div><\/div><div class='ff-el-group'><div class=\"ff-el-input--label ff-el-is-required asterisk-right\"><label for='ff_52_input_text_4' id='label_ff_52_input_text_4' aria-label=\"Birthday (year-month-day) \/ sz\u00fclet\u00e9si ideje\">Birthday (year-month-day) \/ sz\u00fclet\u00e9si ideje<\/label><\/div><div class='ff-el-input--content'><input type=\"text\" name=\"input_text_4\" class=\"ff-el-form-control\" data-name=\"input_text_4\" id=\"ff_52_input_text_4\"  aria-invalid=\"false\" aria-required=\"true\"><\/div><\/div><div class='ff-el-group'><div class=\"ff-el-input--label ff-el-is-required asterisk-right\"><label for='ff_52_input_text_6' id='label_ff_52_input_text_6' aria-label=\"Tax Number \/ ad\u00f3azonos\u00edt\u00f3 jele\">Tax Number \/ ad\u00f3azonos\u00edt\u00f3 jele<\/label><\/div><div class='ff-el-input--content'><input type=\"text\" name=\"input_text_6\" class=\"ff-el-form-control\" data-name=\"input_text_6\" id=\"ff_52_input_text_6\"  aria-invalid=\"false\" aria-required=\"true\"><\/div><\/div><div class='ff-el-group'><div class=\"ff-el-input--label ff-el-is-required asterisk-right\"><label for='ff_52_input_text_5' id='label_ff_52_input_text_5' aria-label=\"TAJ Number \/ TAJ sz\u00e1ma\">TAJ Number \/ TAJ sz\u00e1ma<\/label><\/div><div class='ff-el-input--content'><input type=\"text\" name=\"input_text_5\" class=\"ff-el-form-control\" data-name=\"input_text_5\" id=\"ff_52_input_text_5\"  aria-invalid=\"false\" aria-required=\"true\"><\/div><\/div><div class='ff-el-group'><div class=\"ff-el-input--label ff-el-is-required asterisk-right\"><label for='ff_52_input_text_10' id='label_ff_52_input_text_10' aria-label=\"Address \/ lakc\u00edm\">Address \/ lakc\u00edm<\/label><\/div><div class='ff-el-input--content'><input type=\"text\" name=\"input_text_10\" class=\"ff-el-form-control\" data-name=\"input_text_10\" id=\"ff_52_input_text_10\"  aria-invalid=\"false\" aria-required=\"true\"><\/div><\/div><div class='ff-el-group'><div class=\"ff-el-input--label ff-el-is-required asterisk-right\"><label for='ff_52_input_text_9' id='label_ff_52_input_text_9' aria-label=\"Job Title \/ munkak\u00f6r\">Job Title \/ munkak\u00f6r<\/label><\/div><div class='ff-el-input--content'><input type=\"text\" name=\"input_text_9\" class=\"ff-el-form-control\" data-name=\"input_text_9\" id=\"ff_52_input_text_9\"  aria-invalid=\"false\" aria-required=\"true\"><\/div><\/div><div class='ff-el-group'><div class=\"ff-el-input--label ff-el-is-required asterisk-right\"><label for='ff_52_input_text_8' id='label_ff_52_input_text_8' aria-label=\"Weekly working hours \/ heti munkaid\u00f3 (\u00f3ra)\">Weekly working hours \/ heti munkaid\u00f3 (\u00f3ra)<\/label><\/div><div class='ff-el-input--content'><input type=\"text\" name=\"input_text_8\" class=\"ff-el-form-control\" data-name=\"input_text_8\" id=\"ff_52_input_text_8\"  aria-invalid=\"false\" aria-required=\"true\"><\/div><\/div><div class='ff-el-group'><div class=\"ff-el-input--label ff-el-is-required asterisk-right\"><label for='ff_52_input_text_7' id='label_ff_52_input_text_7' aria-label=\"Gross Monthly Salary \/ havi brutt\u00f3 b\u00e9r\">Gross Monthly Salary \/ havi brutt\u00f3 b\u00e9r<\/label><\/div><div class='ff-el-input--content'><input type=\"text\" name=\"input_text_7\" class=\"ff-el-form-control\" data-name=\"input_text_7\" id=\"ff_52_input_text_7\"  aria-invalid=\"false\" aria-required=\"true\"><\/div><\/div><div class='ff-el-group'><div class=\"ff-el-input--label ff-el-is-required asterisk-right\"><label for='ff_52_input_text_11' id='label_ff_52_input_text_11' aria-label=\"Available for any tax exemptions? If yes, what? \/ Ad\u00f3kedvezm\u00e9nyre jogosult? Ha igen, mire?\">Available for any tax exemptions? If yes, what? \/ Ad\u00f3kedvezm\u00e9nyre jogosult? Ha igen, mire?<\/label><\/div><div class='ff-el-input--content'><input type=\"text\" name=\"input_text_11\" class=\"ff-el-form-control\" data-name=\"input_text_11\" id=\"ff_52_input_text_11\"  aria-invalid=\"false\" aria-required=\"true\"><\/div><\/div><div class='ff-el-group'><div class=\"ff-el-input--label ff-el-is-required asterisk-right\"><label   aria-label=\"Method of payment \/ fizet\u00e9si m\u00f3d\">Method of payment \/ fizet\u00e9si m\u00f3d<\/label><\/div><div class='ff-el-input--content'><div class='ff-el-form-check ff-el-form-check-'><label class='ff-el-form-check-label'><input  type=\"radio\" name=\"input_radio\" data-name=\"input_radio\" class=\"ff-el-form-check-input ff-el-form-check-radio\" value=\"K\u00e9szp\u00e9nz\"  id='input_radio_6f27eadaeabbc67cd8d849653bd90057' aria-label='K\u00e9szp\u00e9nz' aria-invalid='false' aria-required=\"true\"> <span>K\u00e9szp\u00e9nz<\/span><\/label><\/div><div class='ff-el-form-check ff-el-form-check-'><label class='ff-el-form-check-label'><input  type=\"radio\" name=\"input_radio\" data-name=\"input_radio\" class=\"ff-el-form-check-input ff-el-form-check-radio\" value=\"Utal\u00e1s\"  id='input_radio_6187aeaf36f57b117ecec189e3b37c61' aria-label='Utal\u00e1s' aria-invalid='false' aria-required=\"true\"> <span>Utal\u00e1s<\/span><\/label><\/div><\/div><\/div><div class='ff-el-group'><div class=\"ff-el-input--label ff-el-is-required asterisk-right\"><label for='ff_52_input_text_12' id='label_ff_52_input_text_12' aria-label=\"Bank account number \/ banksz\u00e1mlasz\u00e1m\">Bank account number \/ banksz\u00e1mlasz\u00e1m<\/label><\/div><div class='ff-el-input--content'><input type=\"text\" name=\"input_text_12\" class=\"ff-el-form-control\" data-name=\"input_text_12\" id=\"ff_52_input_text_12\"  aria-invalid=\"false\" aria-required=\"true\"><\/div><\/div><div class='ff-el-group'><div class=\"ff-el-input--label ff-el-is-required asterisk-right\"><label for='ff_52_input_text_13' id='label_ff_52_input_text_13' aria-label=\"First day on the job (year-month-day) \/ Els\u0151 munkanap d\u00e1tuma\">First day on the job (year-month-day) \/ Els\u0151 munkanap d\u00e1tuma<\/label><\/div><div class='ff-el-input--content'><input type=\"text\" name=\"input_text_13\" class=\"ff-el-form-control\" data-name=\"input_text_13\" id=\"ff_52_input_text_13\"  aria-invalid=\"false\" aria-required=\"true\"><\/div><\/div><div class='ff-el-group'><div class=\"ff-el-input--label asterisk-right\"><label for='ff_52_description' id='label_ff_52_description' aria-label=\"Any comment \/ b\u00e1rmilyen megjegyz\u00e9s\">Any comment \/ b\u00e1rmilyen megjegyz\u00e9s<\/label><\/div><div class='ff-el-input--content'><textarea aria-required=\"false\" aria-labelledby=\"label_ff_52_description\" name=\"description\" id=\"ff_52_description\" class=\"ff-el-form-control\" rows=\"3\" cols=\"2\" data-name=\"description\" ><\/textarea><\/div><\/div><div class='ff-el-group ff-text-left ff_submit_btn_wrapper'><button type=\"submit\" class=\"ff-btn ff-btn-submit ff-btn-md ff_btn_style\"  aria-label=\"Submit Form\">Submit Form<\/button><\/div><\/fieldset><input type=\"hidden\" name=\"trp-form-language\" value=\"en\"\/><\/form><div id='fluentform_52_errors' class='ff-errors-in-stack ff_form_instance_52_1 ff-form-loading_errors ff_form_instance_52_1_errors'><\/div><\/div>            <script type=\"text\/javascript\">\n                window.fluent_form_ff_form_instance_52_1 = {\"id\":\"52\",\"settings\":{\"layout\":{\"labelPlacement\":\"top\",\"helpMessagePlacement\":\"with_label\",\"errorMessagePlacement\":\"inline\"},\"restrictions\":{\"denyEmptySubmission\":{\"enabled\":false}}},\"form_instance\":\"ff_form_instance_52_1\",\"form_id_selector\":\"fluentform_52\",\"rules\":{\"names[first_name]\":{\"required\":{\"value\":true,\"message\":\"Ez a mez\\u0151 k\\u00f6telez\\u0151\",\"global_message\":\"Ez a mez\\u0151 k\\u00f6telez\\u0151\",\"global\":true}},\"names[middle_name]\":{\"required\":{\"value\":false,\"message\":\"Ez a mez\\u0151 k\\u00f6telez\\u0151\",\"global_message\":\"Ez a mez\\u0151 k\\u00f6telez\\u0151\",\"global\":true}},\"names[last_name]\":{\"required\":{\"value\":true,\"message\":\"Ez a mez\\u0151 k\\u00f6telez\\u0151\",\"global_message\":\"Ez a mez\\u0151 k\\u00f6telez\\u0151\",\"global\":true}},\"input_text\":{\"required\":{\"value\":true,\"message\":\"Ez a mez\\u0151 k\\u00f6telez\\u0151\",\"global_message\":\"Ez a mez\\u0151 k\\u00f6telez\\u0151\",\"global\":true}},\"input_text_1\":{\"required\":{\"value\":true,\"message\":\"Ez a mez\\u0151 k\\u00f6telez\\u0151\",\"global_message\":\"Ez a mez\\u0151 k\\u00f6telez\\u0151\",\"global\":true}},\"input_text_2\":{\"required\":{\"value\":true,\"message\":\"Ez a mez\\u0151 k\\u00f6telez\\u0151\",\"global_message\":\"Ez a mez\\u0151 k\\u00f6telez\\u0151\",\"global\":true}},\"input_text_3\":{\"required\":{\"value\":true,\"message\":\"Ez a mez\\u0151 k\\u00f6telez\\u0151\",\"global_message\":\"Ez a mez\\u0151 k\\u00f6telez\\u0151\",\"global\":true}},\"input_text_4\":{\"required\":{\"value\":true,\"message\":\"Ez a mez\\u0151 k\\u00f6telez\\u0151\",\"global_message\":\"Ez a mez\\u0151 k\\u00f6telez\\u0151\",\"global\":true}},\"input_text_6\":{\"required\":{\"value\":true,\"message\":\"Ez a mez\\u0151 k\\u00f6telez\\u0151\",\"global_message\":\"Ez a mez\\u0151 k\\u00f6telez\\u0151\",\"global\":true}},\"input_text_5\":{\"required\":{\"value\":true,\"message\":\"Ez a mez\\u0151 k\\u00f6telez\\u0151\",\"global_message\":\"Ez a mez\\u0151 k\\u00f6telez\\u0151\",\"global\":true}},\"input_text_10\":{\"required\":{\"value\":true,\"message\":\"Ez a mez\\u0151 k\\u00f6telez\\u0151\",\"global_message\":\"Ez a mez\\u0151 k\\u00f6telez\\u0151\",\"global\":true}},\"input_text_9\":{\"required\":{\"value\":true,\"message\":\"Ez a mez\\u0151 k\\u00f6telez\\u0151\",\"global_message\":\"Ez a mez\\u0151 k\\u00f6telez\\u0151\",\"global\":true}},\"input_text_8\":{\"required\":{\"value\":true,\"message\":\"Ez a mez\\u0151 k\\u00f6telez\\u0151\",\"global_message\":\"Ez a mez\\u0151 k\\u00f6telez\\u0151\",\"global\":true}},\"input_text_7\":{\"required\":{\"value\":true,\"message\":\"Ez a mez\\u0151 k\\u00f6telez\\u0151\",\"global_message\":\"Ez a mez\\u0151 k\\u00f6telez\\u0151\",\"global\":true}},\"input_text_11\":{\"required\":{\"value\":true,\"message\":\"Ez a mez\\u0151 k\\u00f6telez\\u0151\",\"global_message\":\"Ez a mez\\u0151 k\\u00f6telez\\u0151\",\"global\":true}},\"input_radio\":{\"required\":{\"value\":true,\"message\":\"Ez a mez\\u0151 k\\u00f6telez\\u0151\",\"global_message\":\"Ez a mez\\u0151 k\\u00f6telez\\u0151\",\"global\":true}},\"input_text_12\":{\"required\":{\"value\":true,\"message\":\"Ez a mez\\u0151 k\\u00f6telez\\u0151\",\"global_message\":\"Ez a mez\\u0151 k\\u00f6telez\\u0151\",\"global\":true}},\"input_text_13\":{\"required\":{\"value\":true,\"message\":\"Ez a mez\\u0151 k\\u00f6telez\\u0151\",\"global_message\":\"Ez a mez\\u0151 k\\u00f6telez\\u0151\",\"global\":true}},\"description\":{\"required\":{\"value\":false,\"message\":\"Ez a mez\\u0151 k\\u00f6telez\\u0151\",\"global_message\":\"Ez a mez\\u0151 k\\u00f6telez\\u0151\",\"global\":true}}},\"debounce_time\":300};\n                            <\/script>\n            \n<\/div>\n <\/div><\/div>","protected":false},"excerpt":{"rendered":"","protected":false},"author":2,"featured_media":0,"parent":0,"menu_order":0,"comment_status":"closed","ping_status":"closed","template":"","meta":{"_gspb_post_css":"#gspb_row-id-gsbp-9c0155f{justify-content:space-between;display:flex;flex-wrap:wrap;margin-top:50px;margin-bottom:50px;background-color:#e8ebee}#gspb_row-id-gsbp-9c0155f>.gspb_row__content{display:flex;justify-content:space-between;margin:0 auto;width:100%;flex-wrap:wrap;max-width:1200px}.gspb_row{position:relative}div[id^=gspb_col-id]{box-sizing:border-box;position:relative;padding:15px min(3vw,20px)}#gspb_col-id-gsbp-619d043.gspb_row__col--12{width:100%}@media (max-width:575.98px){#gspb_col-id-gsbp-619d043.gspb_row__col--12{width:100%}}#gspb_image-id-gsbp-582b85a{text-align:center;margin-top:50px;margin-bottom:50px;height:150px}#gspb_image-id-gsbp-582b85a img{vertical-align:top;display:inline-block;box-sizing:border-box;max-width:100%;width:auto}@media (max-width:991.98px){#gspb_image-id-gsbp-582b85a img{width:auto}}@media (max-width:767.98px){#gspb_image-id-gsbp-582b85a img{width:auto}}@media (max-width:575.98px){#gspb_image-id-gsbp-582b85a img{width:auto}}#gspb_image-id-gsbp-582b85a img{height:150px}","footnotes":""},"class_list":["post-17701","page","type-page","status-publish","hentry"],"_links":{"self":[{"href":"https:\/\/simpletax.hu\/en\/wp-json\/wp\/v2\/pages\/17701","targetHints":{"allow":["GET"]}}],"collection":[{"href":"https:\/\/simpletax.hu\/en\/wp-json\/wp\/v2\/pages"}],"about":[{"href":"https:\/\/simpletax.hu\/en\/wp-json\/wp\/v2\/types\/page"}],"author":[{"embeddable":true,"href":"https:\/\/simpletax.hu\/en\/wp-json\/wp\/v2\/users\/2"}],"replies":[{"embeddable":true,"href":"https:\/\/simpletax.hu\/en\/wp-json\/wp\/v2\/comments?post=17701"}],"version-history":[{"count":6,"href":"https:\/\/simpletax.hu\/en\/wp-json\/wp\/v2\/pages\/17701\/revisions"}],"predecessor-version":[{"id":17709,"href":"https:\/\/simpletax.hu\/en\/wp-json\/wp\/v2\/pages\/17701\/revisions\/17709"}],"wp:attachment":[{"href":"https:\/\/simpletax.hu\/en\/wp-json\/wp\/v2\/media?parent=17701"}],"curies":[{"name":"wp","href":"https:\/\/api.w.org\/{rel}","templated":true}]}}