{"id":14177,"date":"2025-02-26T14:40:06","date_gmt":"2025-02-26T14:40:06","guid":{"rendered":"https:\/\/simpletax.hu\/?page_id=14177"},"modified":"2025-03-16T14:30:57","modified_gmt":"2025-03-16T14:30:57","slug":"szja-es-hipabevallas-2024","status":"publish","type":"page","link":"https:\/\/simpletax.hu\/en\/szja-es-hipabevallas-2024\/","title":{"rendered":"Szja- \u00e9s hipabevall\u00e1s 2024"},"content":{"rendered":"<div data-elementor-type=\"wp-page\" data-elementor-id=\"14177\" class=\"elementor elementor-14177\" data-elementor-post-type=\"page\">\n\t\t\t\t\t\t<section class=\"ob-is-breaking-bad elementor-section elementor-top-section elementor-element elementor-element-b3d0708 elementor-section-content-middle elementor-section-boxed elementor-section-height-default elementor-section-height-default\" data-id=\"b3d0708\" data-element_type=\"section\" data-settings=\"{&quot;jet_parallax_layout_list&quot;:[],&quot;background_background&quot;:&quot;classic&quot;,&quot;_ob_bbad_use_it&quot;:&quot;yes&quot;,&quot;_ob_bbad_sssic_use&quot;:&quot;no&quot;,&quot;_ob_glider_is_slider&quot;:&quot;no&quot;}\">\n\t\t\t\t\t\t<div class=\"elementor-container elementor-column-gap-default\">\n\t\t\t\t\t<div class=\"elementor-column elementor-col-50 elementor-top-column elementor-element elementor-element-2d8e6af\" data-id=\"2d8e6af\" data-element_type=\"column\" data-settings=\"{&quot;_ob_bbad_is_stalker&quot;:&quot;no&quot;,&quot;_ob_teleporter_use&quot;:false,&quot;_ob_column_hoveranimator&quot;:&quot;no&quot;,&quot;_ob_column_has_pseudo&quot;:&quot;no&quot;}\">\n\t\t\t<div class=\"elementor-widget-wrap elementor-element-populated\">\n\t\t\t\t\t\t<div class=\"elementor-element elementor-element-f6020ad ob-has-background-overlay elementor-widget elementor-widget-image\" data-id=\"f6020ad\" data-element_type=\"widget\" data-settings=\"{&quot;_ob_photomorph_use&quot;:&quot;no&quot;,&quot;_ob_perspektive_use&quot;:&quot;no&quot;,&quot;_ob_poopart_use&quot;:&quot;yes&quot;,&quot;_ob_shadough_use&quot;:&quot;no&quot;,&quot;_ob_allow_hoveranimator&quot;:&quot;no&quot;,&quot;_ob_widget_stalker_use&quot;:&quot;no&quot;}\" data-widget_type=\"image.default\">\n\t\t\t\t<div class=\"elementor-widget-container\">\n\t\t\t\t\t\t\t\t\t\t\t\t\t\t\t<img fetchpriority=\"high\" decoding=\"async\" width=\"1808\" height=\"933\" src=\"https:\/\/simpletax.hu\/wp-content\/uploads\/2022\/08\/accounting_9.png\" class=\"attachment-full size-full wp-image-970\" alt=\"\" srcset=\"https:\/\/simpletax.hu\/wp-content\/uploads\/2022\/08\/accounting_9.png 1808w, https:\/\/simpletax.hu\/wp-content\/uploads\/2022\/08\/accounting_9-300x155.png 300w, https:\/\/simpletax.hu\/wp-content\/uploads\/2022\/08\/accounting_9-1024x528.png 1024w, https:\/\/simpletax.hu\/wp-content\/uploads\/2022\/08\/accounting_9-768x396.png 768w, https:\/\/simpletax.hu\/wp-content\/uploads\/2022\/08\/accounting_9-1536x793.png 1536w, https:\/\/simpletax.hu\/wp-content\/uploads\/2022\/08\/accounting_9-600x310.png 600w\" sizes=\"(max-width: 1808px) 100vw, 1808px\" \/>\t\t\t\t\t\t\t\t\t\t\t\t\t\t\t<\/div>\n\t\t\t\t<\/div>\n\t\t\t\t\t<\/div>\n\t\t<\/div>\n\t\t\t\t<div class=\"elementor-column elementor-col-50 elementor-top-column elementor-element elementor-element-bf4612c\" data-id=\"bf4612c\" data-element_type=\"column\" data-settings=\"{&quot;_ob_bbad_is_stalker&quot;:&quot;no&quot;,&quot;_ob_teleporter_use&quot;:false,&quot;_ob_column_hoveranimator&quot;:&quot;no&quot;,&quot;_ob_column_has_pseudo&quot;:&quot;no&quot;}\">\n\t\t\t<div class=\"elementor-widget-wrap elementor-element-populated\">\n\t\t\t\t\t\t<div class=\"elementor-element elementor-element-1063d21 ob-harakiri-inherit ob-has-background-overlay elementor-widget elementor-widget-text-editor\" data-id=\"1063d21\" data-element_type=\"widget\" data-settings=\"{&quot;_ob_use_harakiri&quot;:&quot;yes&quot;,&quot;_ob_harakiri_writing_mode&quot;:&quot;inherit&quot;,&quot;_ob_postman_use&quot;:&quot;no&quot;,&quot;_ob_perspektive_use&quot;:&quot;no&quot;,&quot;_ob_poopart_use&quot;:&quot;yes&quot;,&quot;_ob_shadough_use&quot;:&quot;no&quot;,&quot;_ob_allow_hoveranimator&quot;:&quot;no&quot;,&quot;_ob_widget_stalker_use&quot;:&quot;no&quot;}\" data-widget_type=\"text-editor.default\">\n\t\t\t\t<div class=\"elementor-widget-container\">\n\t\t\t\t\t\t\t\t\t<h5 style=\"text-align: center;\"><strong>Az \u0171rlap kit\u00f6lt\u00e9s\u00e9re 2025. 03. 15-ig ny\u00edlt lehet\u0151s\u00e9g.<\/strong><\/h5>\n<h5 style=\"text-align: center;\"><strong>Amennyiben szeretn\u00e9l sz\u00e1munkra b\u00e1rmit k\u00fcldeni,<br>a <a href=\"mailto:hello@simpletax.hu\" target=\"_blank\" rel=\"noopener\">hello@simpletax.hu<\/a> c\u00edmen vedd fel vel\u00fcnk a kapcsolatot!<\/strong><\/h5>\t\t\t\t\t\t\t\t<\/div>\n\t\t\t\t<\/div>\n\t\t\t\t\t<\/div>\n\t\t<\/div>\n\t\t\t\t\t<\/div>\n\t\t<\/section>\n\t\t\t\t<\/div>","protected":false},"excerpt":{"rendered":"<p>Az \u0171rlap kit\u00f6lt\u00e9s\u00e9re 2025. 03. 15-ig ny\u00edlt lehet\u0151s\u00e9g. Amennyiben szeretn\u00e9l sz\u00e1munkra b\u00e1rmit k\u00fcldeni,a hello@simpletax.hu c\u00edmen vedd fel vel\u00fcnk a kapcsolatot!<\/p>","protected":false},"author":3,"featured_media":0,"parent":0,"menu_order":0,"comment_status":"closed","ping_status":"closed","template":"","meta":{"_gspb_post_css":"","footnotes":""},"class_list":["post-14177","page","type-page","status-publish","hentry"],"_links":{"self":[{"href":"https:\/\/simpletax.hu\/en\/wp-json\/wp\/v2\/pages\/14177","targetHints":{"allow":["GET"]}}],"collection":[{"href":"https:\/\/simpletax.hu\/en\/wp-json\/wp\/v2\/pages"}],"about":[{"href":"https:\/\/simpletax.hu\/en\/wp-json\/wp\/v2\/types\/page"}],"author":[{"embeddable":true,"href":"https:\/\/simpletax.hu\/en\/wp-json\/wp\/v2\/users\/3"}],"replies":[{"embeddable":true,"href":"https:\/\/simpletax.hu\/en\/wp-json\/wp\/v2\/comments?post=14177"}],"version-history":[{"count":46,"href":"https:\/\/simpletax.hu\/en\/wp-json\/wp\/v2\/pages\/14177\/revisions"}],"predecessor-version":[{"id":15908,"href":"https:\/\/simpletax.hu\/en\/wp-json\/wp\/v2\/pages\/14177\/revisions\/15908"}],"wp:attachment":[{"href":"https:\/\/simpletax.hu\/en\/wp-json\/wp\/v2\/media?parent=14177"}],"curies":[{"name":"wp","href":"https:\/\/api.w.org\/{rel}","templated":true}]}}